{"id":18812,"date":"2022-02-18T06:34:54","date_gmt":"2022-02-18T10:34:54","guid":{"rendered":"http:\/\/103.72.76.87\/be\/conditions-dutilisation\/"},"modified":"2022-02-18T06:34:54","modified_gmt":"2022-02-18T10:34:54","slug":"conditions-dutilisation","status":"publish","type":"page","link":"https:\/\/www.workplaceoptions.com\/be\/fr\/conditions-dutilisation\/","title":{"rendered":"Conditions d&#8217;utilisation"},"content":{"rendered":"<div class=\"terms_of_use_Pg_heading_top\">\n<div class=\"terms_of_use_Pg_heading_ull\">\n<h3>1. Propri\u00e9t\u00e9 du site Web<\/h3>\n<p>Ce site Web et ses applications sont la propri\u00e9t\u00e9 de Workplace Options, LLC et de ses soci\u00e9t\u00e9s affili\u00e9es (\u00ab WPO \u00bb). Toute utilisation non autoris\u00e9e et\/ou malveillante du site Web est interdite et les contrevenants peuvent \u00eatre poursuivis dans toute la mesure de la loi applicable. WPO, y compris, mais sans s&#8217;y limiter, ses administrateurs, dirigeants, employ\u00e9s et agents ne seront pas responsables&nbsp;:<\/p>\n<ul>\n<li>&#8211; pour enqu\u00eater sur l&#8217;exactitude de toute repr\u00e9sentation faite par tout fournisseur de services ou toute autre entit\u00e9 publiant des documents sur ce site Web<\/li>\n<li>&#8211; pour les opinions, points de vue, estimations, \u00e9valuations, pronostics ou recommandations de tout fournisseur de services ou de toute autre entit\u00e9 publiant des documents sur ce site Web<\/li>\n<li>&#8211; pour toute(s) perte(s) ou dommage(s) r\u00e9sultant de l&#8217;utilisation ou de l&#8217;impossibilit\u00e9 d&#8217;utiliser ce site Web ou tout autre site Web<\/li>\n<\/ul>\n<h3>2. Utilisation de ce site Web<\/h3>\n<p>Les informations et les documents pr\u00e9sent\u00e9s sur ce site Web sont fournis &#8220;tels quels&#8221; sans aucune garantie expresse ou implicite d&#8217;aucune sorte, y compris, sans limitation, les garanties d&#8217;ad\u00e9quation \u00e0 un usage particulier, de qualit\u00e9 marchande, d&#8217;exactitude, d&#8217;actualit\u00e9, de performance, d&#8217;exhaustivit\u00e9 et de non-contrefa\u00e7on. . Les informations et documents publi\u00e9s sur ce site Web ne constituent ni ne remplacent aucun avis m\u00e9dical, juridique ou professionnel. Vous convenez que&nbsp;:<\/p>\n<ul>\n<li>&#8211; vous \u00eates seul responsable du choix d&#8217;un prestataire ainsi que de l&#8217;examen de ses qualifications ;<\/li>\n<li>&#8211; l&#8217;\u00e9valuation du caract\u00e8re pratique de tout conseil, assistance ou instruction offert par tout prestataire de services vous incombe enti\u00e8rement&nbsp;;<\/li>\n<li>&#8211; toute d\u00e9cision d&#8217;utiliser de tels conseils, assistance ou instruction vous appartient enti\u00e8rement.<\/li>\n<\/ul>\n<h3>3. Propri\u00e9t\u00e9 intellectuelle<\/h3>\n<p>Tous les noms de produits, droits d&#8217;auteur, logos, marques de service, conceptions, mises en page et graphiques affich\u00e9s sur ce site Web qui sont identifi\u00e9s de quelque mani\u00e8re que ce soit ou apparaissant sous une forme diff\u00e9rente de celle du texte environnant (collectivement, les \u00abmarques de commerce\u00bb) sont des marques de commerce d\u00e9tenues par WPO, sauf indication contraire comme appartenant \u00e0 une autre entit\u00e9. Rien dans le pr\u00e9sent Accord ne doit \u00eatre interpr\u00e9t\u00e9 comme conf\u00e9rant implicitement, par pr\u00e9clusion ou autrement, une licence ou un droit, explicite ou implicite, en vertu d&#8217;une Marque de commerce de WPO ou d&#8217;un tiers. Aucune utilisation d&#8217;une marque ne peut \u00eatre faite sans l&#8217;autorisation \u00e9crite pr\u00e9alable de WPO.<\/p>\n<h3>4. Prise en charge des risques<\/h3>\n<p class=\"upcs\">Dans toute la mesure permise par la loi, vous assumez l&#8217;enti\u00e8re responsabilit\u00e9 et assumez tous les risques d\u00e9coulant de l&#8217;utilisation de ce site Web, d&#8217;Internet en g\u00e9n\u00e9ral ou des services fournis par ce site Web, y compris tous les risques associ\u00e9s \u00e0 la disponibilit\u00e9 du site Web, \u00e0 l&#8217;exactitude des informations, \u00e0 l&#8217;utilisation, \u00e0 la collecte, au transfert, divulgation et\/ou toute corruption de votre syst\u00e8me informatique. les traductions de la messagerie instantan\u00e9e sont effectu\u00e9es par un service de traduction automatis\u00e9 tiers. vous assumez l&#8217;enti\u00e8re responsabilit\u00e9 de l&#8217;exactitude ou de la validit\u00e9 de ces informations de traduction. pour \u00e9viter tout doute, wpo d\u00e9cline toute responsabilit\u00e9 pour toute perte subie \u00e0 la suite d&#8217;une erreur de traduction ou d&#8217;une mauvaise compr\u00e9hension de la ou des traductions. vous reconnaissez et acceptez qu&#8217;en aucun cas le propri\u00e9taire de ce site Web, ses soci\u00e9t\u00e9s affili\u00e9es ou filiales, et\/ou leurs dirigeants, administrateurs, employ\u00e9s, agents, repr\u00e9sentants, fournisseurs d&#8217;informations et conc\u00e9dants de licence et\/ou leurs h\u00e9ritiers et ayants droit respectifs, ne soient responsable de tout dommage de quelque nature que ce soit, y compris, mais sans s&#8217;y limiter, les dommages directs, indirects, accessoires, cons\u00e9cutifs, exemplaires, sp\u00e9ciaux (y compris la perte de profit), punitifs ou autres dommages r\u00e9sultant de ou li\u00e9s \u00e0 l&#8217;existence ou \u00e0 l&#8217;utilisation de ce site Web ou des services fournis par ce site Web, que wpo ou l&#8217;une des autres entit\u00e9s ou personnes \u00e9num\u00e9r\u00e9es ci-dessus ait \u00e9t\u00e9 inform\u00e9e de la possibilit\u00e9 de tels dommages.<\/p>\n<p>En outre, vous acceptez d&#8217;indemniser et de d\u00e9gager de toute responsabilit\u00e9 les propri\u00e9taires de ce site Web, leurs dirigeants, ayants droit, agents, employ\u00e9s, dirigeants, administrateurs ou vendeurs et leur personnel, ainsi que toute filiale de tous frais, r\u00e9clamations, dommages, blessures, litiges, cause d&#8217;action, dommages et d\u00e9penses, y compris les honoraires raisonnables d&#8217;avocat et les frais de justice, pouvant d\u00e9couler de votre utilisation directe ou indirecte de ce site Web, de ses fonctionnalit\u00e9s, informations, mat\u00e9riel(s) et contenu, ou d&#8217;autres services de ce site Web ou de tout autres services de WPO.<\/p>\n<h3>5. Publication sur le site Web<\/h3>\n<p>Vous acceptez de ne pas publier sur ce site Web tout mat\u00e9riel faux, diffamatoire, inexact, abusif, vulgaire, haineux, harcelant, obsc\u00e8ne, profane, \u00e0 caract\u00e8re sexuel, mena\u00e7ant, portant atteinte \u00e0 la vie priv\u00e9e d&#8217;une personne ou \u00e0 du mat\u00e9riel pour adultes, dans violation de toute loi am\u00e9ricaine ou applicable. Vous ne publierez aucun mat\u00e9riel prot\u00e9g\u00e9 par le droit d&#8217;auteur \u00e0 moins que vous ne d\u00e9teniez le droit d&#8217;auteur ou que vous ayez le consentement \u00e9crit du propri\u00e9taire du mat\u00e9riel prot\u00e9g\u00e9 par le droit d&#8217;auteur pour publier un tel mat\u00e9riel. Le spam, les inondations, les publicit\u00e9s, les cha\u00eenes de lettres, les syst\u00e8mes pyramidaux et les sollicitations sont \u00e9galement interdits.<\/p>\n<h3>6. Votre compte<\/h3>\n<p>Vous avez la possibilit\u00e9 de choisir votre nom d&#8217;utilisateur et votre mot de passe. Vous vous engagez, pour votre protection et pour des raisons de s\u00e9curit\u00e9, \u00e0 ne jamais donner votre nom d&#8217;utilisateur et votre mot de passe \u00e0 une autre personne que votre administrateur de programme. Afin d&#8217;emp\u00eacher le vol de compte, vous devez utiliser un mot de passe complexe et unique pour votre compte. Si vous souhaitez supprimer d\u00e9finitivement votre compte, vos informations de profil et\/ou tout autre enregistrement ou donn\u00e9e de ce site Web, veuillez contacter l&#8217;administrateur de votre programme.<\/p>\n<h3>7. Disponibilit\u00e9 des services<\/h3>\n<p>Ce site Web peut fournir des informations sur des produits ou des services qui peuvent ne pas \u00eatre disponibles dans tous les pays. Les marques utilis\u00e9es pour certains produits ou services peuvent diff\u00e9rer dans certains pays. Dans certains pays, certains des produits ou services mentionn\u00e9s sur ce site Web peuvent \u00eatre approuv\u00e9s ou autoris\u00e9s par des autorit\u00e9s r\u00e9glementaires avec des utilisations et des restrictions diff\u00e9rentes.<\/p>\n<h3>8. Avis de confidentialit\u00e9. Qu&#8217;est-ce que la protection des informations&nbsp;?<\/h3>\n<p>WPO s&#8217;engage \u00e0 prot\u00e9ger toutes les informations personnelles et priv\u00e9es conform\u00e9ment \u00e0 toutes les lois, r\u00e9glementations et normes applicables, y compris, sans s&#8217;y limiter, les normes \u00e9tablies aux \u00c9tats-Unis en vertu de la Health Insurance Portability and Accountability Act et au Royaume-Uni en vertu de la Data Loi de protection de 1998. En cas d&#8217;utilisation de ce site Web au sein de l&#8217;Union europ\u00e9enne, WPO est soumis au cadre du bouclier de protection des donn\u00e9es, au r\u00e8glement g\u00e9n\u00e9ral sur la protection des donn\u00e9es (r\u00e8glement (UE) 2016\/679), en vigueur \u00e0 compter du 25 mai 2018 et \u00e0 toute l\u00e9gislation nationale mettant en \u0153uvre le pr\u00e9c\u00e9dent.<\/p>\n<\/div>\n<p>Pour plus d&#8217;informations sur la mani\u00e8re dont nous traitons vos donn\u00e9es personnelles, veuillez consulter notre politique de confidentialit\u00e9 (https:\/\/www.workplaceoptions.com\/privacy-policy).<\/p>\n<p>WPO maintient des garanties administratives, techniques et physiques appropri\u00e9es con\u00e7ues pour prot\u00e9ger vos informations personnelles conform\u00e9ment \u00e0 la loi applicable. WPO utilise le cryptage standard de l&#8217;industrie sur ce site Web. Malheureusement, la transmission d&#8217;informations via Internet n&#8217;est pas totalement s\u00e9curis\u00e9e. Bien que WPO fasse de son mieux pour prot\u00e9ger vos donn\u00e9es personnelles, WPO ne peut garantir la s\u00e9curit\u00e9 de vos donn\u00e9es transmises \u00e0 ce site Web ; toute transmission est \u00e0 vos risques et p\u00e9rils.<\/p>\n<p>WPO n&#8217;\u00e9valuera aucun ordinateur, tablette ou autre appareil mobile que vous pourriez utiliser pour acc\u00e9der aux services de WPO pour le traitement s\u00e9curis\u00e9 de vos informations personnelles. WPO d\u00e9cline toute responsabilit\u00e9 pour toute perte r\u00e9sultant de tout manquement \u00e0 la s\u00e9curit\u00e9 et \u00e0 la protection des donn\u00e9es provenant de vos propres appareils \u00e9lectroniques.<\/p>\n<\/div>\n","protected":false},"excerpt":{"rendered":"<p>1. Propri\u00e9t\u00e9 du site Web Ce site Web et ses..<\/p>\n","protected":false},"author":2,"featured_media":18446,"parent":0,"menu_order":0,"comment_status":"closed","ping_status":"closed","template":"page_template\/template-termsofservice.php","meta":{"_acf_changed":false,"footnotes":""},"class_list":["post-18812","page","type-page","status-publish","has-post-thumbnail","hentry"],"acf":[],"yoast_head":"<!-- This site is optimized with the Yoast SEO Premium plugin v27.3 (Yoast SEO v27.3) - https:\/\/yoast.com\/product\/yoast-seo-premium-wordpress\/ -->\n<title>Conditions d&#039;utilisation - Workplace Options - Belgium<\/title>\n<meta name=\"robots\" content=\"index, follow, max-snippet:-1, max-image-preview:large, max-video-preview:-1\" \/>\n<link rel=\"canonical\" href=\"https:\/\/www.workplaceoptions.com\/be\/gebruiksvoorwaarden\/\" \/>\n<meta property=\"og:locale\" content=\"fr_FR\" \/>\n<meta property=\"og:type\" content=\"article\" \/>\n<meta property=\"og:title\" content=\"Conditions d&#039;utilisation\" \/>\n<meta property=\"og:description\" content=\"1. Propri\u00e9t\u00e9 du site Web Ce site Web et ses..\" \/>\n<meta property=\"og:url\" content=\"https:\/\/www.workplaceoptions.com\/be\/gebruiksvoorwaarden\/\" \/>\n<meta property=\"og:site_name\" content=\"Workplace Options - Belgium\" \/>\n<meta property=\"article:publisher\" content=\"https:\/\/www.facebook.com\/workplaceoptions\" \/>\n<meta property=\"og:image\" content=\"https:\/\/www.workplaceoptions.com\/be\/wp-content\/uploads\/sites\/39\/2022\/02\/41.jpg\" \/>\n\t<meta property=\"og:image:width\" content=\"200\" \/>\n\t<meta property=\"og:image:height\" content=\"200\" \/>\n\t<meta property=\"og:image:type\" content=\"image\/jpeg\" \/>\n<meta name=\"twitter:card\" content=\"summary_large_image\" \/>\n<meta name=\"twitter:site\" content=\"@WorkplaceOption\" \/>\n<meta name=\"twitter:label1\" content=\"Dur\u00e9e de lecture estim\u00e9e\" \/>\n\t<meta name=\"twitter:data1\" content=\"7 minutes\" \/>\n<script type=\"application\/ld+json\" class=\"yoast-schema-graph\">{\"@context\":\"https:\\\/\\\/schema.org\",\"@graph\":[{\"@type\":\"WebPage\",\"@id\":\"https:\\\/\\\/www.workplaceoptions.com\\\/be\\\/gebruiksvoorwaarden\\\/\",\"url\":\"https:\\\/\\\/www.workplaceoptions.com\\\/be\\\/gebruiksvoorwaarden\\\/\",\"name\":\"Conditions d'utilisation - Workplace Options - Belgium\",\"isPartOf\":{\"@id\":\"https:\\\/\\\/www.workplaceoptions.com\\\/be\\\/fr\\\/#website\"},\"primaryImageOfPage\":{\"@id\":\"https:\\\/\\\/www.workplaceoptions.com\\\/be\\\/gebruiksvoorwaarden\\\/#primaryimage\"},\"image\":{\"@id\":\"https:\\\/\\\/www.workplaceoptions.com\\\/be\\\/gebruiksvoorwaarden\\\/#primaryimage\"},\"thumbnailUrl\":\"https:\\\/\\\/www.workplaceoptions.com\\\/be\\\/wp-content\\\/uploads\\\/sites\\\/39\\\/2022\\\/02\\\/41.jpg\",\"datePublished\":\"2022-02-18T10:34:54+00:00\",\"breadcrumb\":{\"@id\":\"https:\\\/\\\/www.workplaceoptions.com\\\/be\\\/gebruiksvoorwaarden\\\/#breadcrumb\"},\"inLanguage\":\"fr-FR\",\"potentialAction\":[{\"@type\":\"ReadAction\",\"target\":[\"https:\\\/\\\/www.workplaceoptions.com\\\/be\\\/gebruiksvoorwaarden\\\/\"]}]},{\"@type\":\"ImageObject\",\"inLanguage\":\"fr-FR\",\"@id\":\"https:\\\/\\\/www.workplaceoptions.com\\\/be\\\/gebruiksvoorwaarden\\\/#primaryimage\",\"url\":\"https:\\\/\\\/www.workplaceoptions.com\\\/be\\\/wp-content\\\/uploads\\\/sites\\\/39\\\/2022\\\/02\\\/41.jpg\",\"contentUrl\":\"https:\\\/\\\/www.workplaceoptions.com\\\/be\\\/wp-content\\\/uploads\\\/sites\\\/39\\\/2022\\\/02\\\/41.jpg\",\"width\":200,\"height\":200},{\"@type\":\"BreadcrumbList\",\"@id\":\"https:\\\/\\\/www.workplaceoptions.com\\\/be\\\/gebruiksvoorwaarden\\\/#breadcrumb\",\"itemListElement\":[{\"@type\":\"ListItem\",\"position\":1,\"name\":\"Home\",\"item\":\"https:\\\/\\\/www.workplaceoptions.com\\\/be\\\/fr\\\/\"},{\"@type\":\"ListItem\",\"position\":2,\"name\":\"Conditions d&#8217;utilisation\"}]},{\"@type\":\"WebSite\",\"@id\":\"https:\\\/\\\/www.workplaceoptions.com\\\/be\\\/fr\\\/#website\",\"url\":\"https:\\\/\\\/www.workplaceoptions.com\\\/be\\\/fr\\\/\",\"name\":\"Workplace Options - Belgium\",\"description\":\"We Offer Comprehensive Wellbeing Support For Your Organization\",\"publisher\":{\"@id\":\"https:\\\/\\\/www.workplaceoptions.com\\\/be\\\/fr\\\/#organization\"},\"potentialAction\":[{\"@type\":\"SearchAction\",\"target\":{\"@type\":\"EntryPoint\",\"urlTemplate\":\"https:\\\/\\\/www.workplaceoptions.com\\\/be\\\/fr\\\/?s={search_term_string}\"},\"query-input\":{\"@type\":\"PropertyValueSpecification\",\"valueRequired\":true,\"valueName\":\"search_term_string\"}}],\"inLanguage\":\"fr-FR\"},{\"@type\":[\"Organization\",\"Place\"],\"@id\":\"https:\\\/\\\/www.workplaceoptions.com\\\/be\\\/fr\\\/#organization\",\"name\":\"Workplace Options - Belgium\",\"url\":\"https:\\\/\\\/www.workplaceoptions.com\\\/be\\\/fr\\\/\",\"logo\":{\"@id\":\"https:\\\/\\\/www.workplaceoptions.com\\\/be\\\/gebruiksvoorwaarden\\\/#local-main-organization-logo\"},\"image\":{\"@id\":\"https:\\\/\\\/www.workplaceoptions.com\\\/be\\\/gebruiksvoorwaarden\\\/#local-main-organization-logo\"},\"sameAs\":[\"https:\\\/\\\/www.facebook.com\\\/workplaceoptions\",\"https:\\\/\\\/x.com\\\/WorkplaceOption\",\"https:\\\/\\\/www.linkedin.com\\\/company\\\/workplace-options\\\/\"],\"telephone\":[],\"openingHoursSpecification\":[{\"@type\":\"OpeningHoursSpecification\",\"dayOfWeek\":[\"Monday\",\"Tuesday\",\"Wednesday\",\"Thursday\",\"Friday\",\"Saturday\",\"Sunday\"],\"opens\":\"09:00\",\"closes\":\"17:00\"}]},{\"@type\":\"ImageObject\",\"inLanguage\":\"fr-FR\",\"@id\":\"https:\\\/\\\/www.workplaceoptions.com\\\/be\\\/gebruiksvoorwaarden\\\/#local-main-organization-logo\",\"url\":\"https:\\\/\\\/www.workplaceoptions.com\\\/be\\\/wp-content\\\/uploads\\\/sites\\\/39\\\/2022\\\/01\\\/WPO-logo-1.svg\",\"contentUrl\":\"https:\\\/\\\/www.workplaceoptions.com\\\/be\\\/wp-content\\\/uploads\\\/sites\\\/39\\\/2022\\\/01\\\/WPO-logo-1.svg\",\"width\":301,\"height\":79,\"caption\":\"Workplace Options - Belgium\"}]}<\/script>\n<!-- \/ Yoast SEO Premium plugin. -->","yoast_head_json":{"title":"Conditions d'utilisation - Workplace Options - Belgium","robots":{"index":"index","follow":"follow","max-snippet":"max-snippet:-1","max-image-preview":"max-image-preview:large","max-video-preview":"max-video-preview:-1"},"canonical":"https:\/\/www.workplaceoptions.com\/be\/gebruiksvoorwaarden\/","og_locale":"fr_FR","og_type":"article","og_title":"Conditions d'utilisation","og_description":"1. Propri\u00e9t\u00e9 du site Web Ce site Web et ses..","og_url":"https:\/\/www.workplaceoptions.com\/be\/gebruiksvoorwaarden\/","og_site_name":"Workplace Options - Belgium","article_publisher":"https:\/\/www.facebook.com\/workplaceoptions","og_image":[{"width":200,"height":200,"url":"https:\/\/www.workplaceoptions.com\/be\/wp-content\/uploads\/sites\/39\/2022\/02\/41.jpg","type":"image\/jpeg"}],"twitter_card":"summary_large_image","twitter_site":"@WorkplaceOption","twitter_misc":{"Dur\u00e9e de lecture estim\u00e9e":"7 minutes"},"schema":{"@context":"https:\/\/schema.org","@graph":[{"@type":"WebPage","@id":"https:\/\/www.workplaceoptions.com\/be\/gebruiksvoorwaarden\/","url":"https:\/\/www.workplaceoptions.com\/be\/gebruiksvoorwaarden\/","name":"Conditions d'utilisation - Workplace Options - Belgium","isPartOf":{"@id":"https:\/\/www.workplaceoptions.com\/be\/fr\/#website"},"primaryImageOfPage":{"@id":"https:\/\/www.workplaceoptions.com\/be\/gebruiksvoorwaarden\/#primaryimage"},"image":{"@id":"https:\/\/www.workplaceoptions.com\/be\/gebruiksvoorwaarden\/#primaryimage"},"thumbnailUrl":"https:\/\/www.workplaceoptions.com\/be\/wp-content\/uploads\/sites\/39\/2022\/02\/41.jpg","datePublished":"2022-02-18T10:34:54+00:00","breadcrumb":{"@id":"https:\/\/www.workplaceoptions.com\/be\/gebruiksvoorwaarden\/#breadcrumb"},"inLanguage":"fr-FR","potentialAction":[{"@type":"ReadAction","target":["https:\/\/www.workplaceoptions.com\/be\/gebruiksvoorwaarden\/"]}]},{"@type":"ImageObject","inLanguage":"fr-FR","@id":"https:\/\/www.workplaceoptions.com\/be\/gebruiksvoorwaarden\/#primaryimage","url":"https:\/\/www.workplaceoptions.com\/be\/wp-content\/uploads\/sites\/39\/2022\/02\/41.jpg","contentUrl":"https:\/\/www.workplaceoptions.com\/be\/wp-content\/uploads\/sites\/39\/2022\/02\/41.jpg","width":200,"height":200},{"@type":"BreadcrumbList","@id":"https:\/\/www.workplaceoptions.com\/be\/gebruiksvoorwaarden\/#breadcrumb","itemListElement":[{"@type":"ListItem","position":1,"name":"Home","item":"https:\/\/www.workplaceoptions.com\/be\/fr\/"},{"@type":"ListItem","position":2,"name":"Conditions d&#8217;utilisation"}]},{"@type":"WebSite","@id":"https:\/\/www.workplaceoptions.com\/be\/fr\/#website","url":"https:\/\/www.workplaceoptions.com\/be\/fr\/","name":"Workplace Options - Belgium","description":"We Offer Comprehensive Wellbeing Support For Your Organization","publisher":{"@id":"https:\/\/www.workplaceoptions.com\/be\/fr\/#organization"},"potentialAction":[{"@type":"SearchAction","target":{"@type":"EntryPoint","urlTemplate":"https:\/\/www.workplaceoptions.com\/be\/fr\/?s={search_term_string}"},"query-input":{"@type":"PropertyValueSpecification","valueRequired":true,"valueName":"search_term_string"}}],"inLanguage":"fr-FR"},{"@type":["Organization","Place"],"@id":"https:\/\/www.workplaceoptions.com\/be\/fr\/#organization","name":"Workplace Options - Belgium","url":"https:\/\/www.workplaceoptions.com\/be\/fr\/","logo":{"@id":"https:\/\/www.workplaceoptions.com\/be\/gebruiksvoorwaarden\/#local-main-organization-logo"},"image":{"@id":"https:\/\/www.workplaceoptions.com\/be\/gebruiksvoorwaarden\/#local-main-organization-logo"},"sameAs":["https:\/\/www.facebook.com\/workplaceoptions","https:\/\/x.com\/WorkplaceOption","https:\/\/www.linkedin.com\/company\/workplace-options\/"],"telephone":[],"openingHoursSpecification":[{"@type":"OpeningHoursSpecification","dayOfWeek":["Monday","Tuesday","Wednesday","Thursday","Friday","Saturday","Sunday"],"opens":"09:00","closes":"17:00"}]},{"@type":"ImageObject","inLanguage":"fr-FR","@id":"https:\/\/www.workplaceoptions.com\/be\/gebruiksvoorwaarden\/#local-main-organization-logo","url":"https:\/\/www.workplaceoptions.com\/be\/wp-content\/uploads\/sites\/39\/2022\/01\/WPO-logo-1.svg","contentUrl":"https:\/\/www.workplaceoptions.com\/be\/wp-content\/uploads\/sites\/39\/2022\/01\/WPO-logo-1.svg","width":301,"height":79,"caption":"Workplace Options - Belgium"}]}},"_links":{"self":[{"href":"https:\/\/www.workplaceoptions.com\/be\/fr\/wp-json\/wp\/v2\/pages\/18812","targetHints":{"allow":["GET"]}}],"collection":[{"href":"https:\/\/www.workplaceoptions.com\/be\/fr\/wp-json\/wp\/v2\/pages"}],"about":[{"href":"https:\/\/www.workplaceoptions.com\/be\/fr\/wp-json\/wp\/v2\/types\/page"}],"author":[{"embeddable":true,"href":"https:\/\/www.workplaceoptions.com\/be\/fr\/wp-json\/wp\/v2\/users\/2"}],"replies":[{"embeddable":true,"href":"https:\/\/www.workplaceoptions.com\/be\/fr\/wp-json\/wp\/v2\/comments?post=18812"}],"version-history":[{"count":0,"href":"https:\/\/www.workplaceoptions.com\/be\/fr\/wp-json\/wp\/v2\/pages\/18812\/revisions"}],"wp:featuredmedia":[{"embeddable":true,"href":"https:\/\/www.workplaceoptions.com\/be\/fr\/wp-json\/wp\/v2\/media\/18446"}],"wp:attachment":[{"href":"https:\/\/www.workplaceoptions.com\/be\/fr\/wp-json\/wp\/v2\/media?parent=18812"}],"curies":[{"name":"wp","href":"https:\/\/api.w.org\/{rel}","templated":true}]}}