{"id":22195,"date":"2024-03-14T19:35:24","date_gmt":"2024-03-14T17:35:24","guid":{"rendered":"https:\/\/www.workplaceoptions.com\/be\/etude-wpo-sur-la-securite-psychologique-contexte-mondial-pour-la-reussite-organisationnelle\/"},"modified":"2024-03-14T19:35:24","modified_gmt":"2024-03-14T17:35:24","slug":"etude-wpo-sur-la-securite-psychologique-contexte-mondial-pour-la-reussite-organisationnelle","status":"publish","type":"page","link":"https:\/\/www.workplaceoptions.com\/be\/fr\/etude-wpo-sur-la-securite-psychologique-contexte-mondial-pour-la-reussite-organisationnelle\/","title":{"rendered":"\u00c9tude WPO sur la s\u00e9curit\u00e9 psychologique\u00a0: contexte mondial pour la r\u00e9ussite organisationnelle"},"content":{"rendered":"","protected":false},"excerpt":{"rendered":"","protected":false},"author":2,"featured_media":22196,"parent":0,"menu_order":0,"comment_status":"closed","ping_status":"closed","template":"page_template\/template-comparative-study.php","meta":{"_acf_changed":false,"footnotes":""},"class_list":["post-22195","page","type-page","status-publish","has-post-thumbnail","hentry"],"acf":[],"yoast_head":"<!-- This site is optimized with the Yoast SEO Premium plugin v27.3 (Yoast SEO v27.3) - https:\/\/yoast.com\/product\/yoast-seo-premium-wordpress\/ -->\n<title>\u00c9tude WPO sur la s\u00e9curit\u00e9 psychologique\u00a0: contexte mondial pour la r\u00e9ussite organisationnelle - Workplace Options - Belgium<\/title>\n<meta name=\"description\" content=\"The WPO Psychological Safety Study: Global Context for Organizational Success provides deep insight into the global workforce concerns.\" \/>\n<meta name=\"robots\" content=\"index, follow, max-snippet:-1, max-image-preview:large, max-video-preview:-1\" \/>\n<link rel=\"canonical\" href=\"https:\/\/www.workplaceoptions.com\/be\/fr\/etude-wpo-sur-la-securite-psychologique-contexte-mondial-pour-la-reussite-organisationnelle\/\" \/>\n<meta property=\"og:locale\" content=\"fr_FR\" \/>\n<meta property=\"og:type\" content=\"article\" \/>\n<meta property=\"og:title\" content=\"\u00c9tude WPO sur la s\u00e9curit\u00e9 psychologique\u00a0: contexte mondial pour la r\u00e9ussite organisationnelle\" \/>\n<meta property=\"og:description\" content=\"The WPO Psychological Safety Study: Global Context for Organizational Success provides deep insight into the global workforce concerns.\" \/>\n<meta property=\"og:url\" content=\"https:\/\/www.workplaceoptions.com\/be\/fr\/etude-wpo-sur-la-securite-psychologique-contexte-mondial-pour-la-reussite-organisationnelle\/\" \/>\n<meta property=\"og:site_name\" content=\"Workplace Options - Belgium\" \/>\n<meta property=\"article:publisher\" content=\"https:\/\/www.facebook.com\/workplaceoptions\" \/>\n<meta property=\"og:image\" content=\"https:\/\/www.workplaceoptions.com\/be\/wp-content\/uploads\/sites\/39\/2024\/09\/WPO-Psychological-Safety-Study.jpg\" \/>\n\t<meta property=\"og:image:width\" content=\"1280\" \/>\n\t<meta property=\"og:image:height\" content=\"720\" \/>\n\t<meta property=\"og:image:type\" content=\"image\/jpeg\" \/>\n<meta name=\"twitter:card\" content=\"summary_large_image\" \/>\n<meta name=\"twitter:description\" content=\"The WPO Psychological Safety Study: Global Context for Organizational Success provides deep insight into the global workforce concerns.\" \/>\n<meta name=\"twitter:site\" content=\"@WorkplaceOption\" \/>\n<meta name=\"twitter:label1\" content=\"Dur\u00e9e de lecture estim\u00e9e\" \/>\n\t<meta name=\"twitter:data1\" content=\"1 minute\" \/>\n<script type=\"application\/ld+json\" class=\"yoast-schema-graph\">{\"@context\":\"https:\\\/\\\/schema.org\",\"@graph\":[{\"@type\":\"WebPage\",\"@id\":\"https:\\\/\\\/www.workplaceoptions.com\\\/be\\\/fr\\\/etude-wpo-sur-la-securite-psychologique-contexte-mondial-pour-la-reussite-organisationnelle\\\/\",\"url\":\"https:\\\/\\\/www.workplaceoptions.com\\\/be\\\/fr\\\/etude-wpo-sur-la-securite-psychologique-contexte-mondial-pour-la-reussite-organisationnelle\\\/\",\"name\":\"\u00c9tude WPO sur la s\u00e9curit\u00e9 psychologique\u00a0: contexte mondial pour la r\u00e9ussite organisationnelle - Workplace Options - Belgium\",\"isPartOf\":{\"@id\":\"https:\\\/\\\/www.workplaceoptions.com\\\/be\\\/fr\\\/#website\"},\"primaryImageOfPage\":{\"@id\":\"https:\\\/\\\/www.workplaceoptions.com\\\/be\\\/fr\\\/etude-wpo-sur-la-securite-psychologique-contexte-mondial-pour-la-reussite-organisationnelle\\\/#primaryimage\"},\"image\":{\"@id\":\"https:\\\/\\\/www.workplaceoptions.com\\\/be\\\/fr\\\/etude-wpo-sur-la-securite-psychologique-contexte-mondial-pour-la-reussite-organisationnelle\\\/#primaryimage\"},\"thumbnailUrl\":\"https:\\\/\\\/www.workplaceoptions.com\\\/be\\\/wp-content\\\/uploads\\\/sites\\\/39\\\/2024\\\/09\\\/WPO-Psychological-Safety-Study.jpg\",\"datePublished\":\"2024-03-14T17:35:24+00:00\",\"description\":\"The WPO Psychological Safety Study: Global Context for Organizational Success provides deep insight into the global workforce concerns.\",\"breadcrumb\":{\"@id\":\"https:\\\/\\\/www.workplaceoptions.com\\\/be\\\/fr\\\/etude-wpo-sur-la-securite-psychologique-contexte-mondial-pour-la-reussite-organisationnelle\\\/#breadcrumb\"},\"inLanguage\":\"fr-FR\",\"potentialAction\":[{\"@type\":\"ReadAction\",\"target\":[\"https:\\\/\\\/www.workplaceoptions.com\\\/be\\\/fr\\\/etude-wpo-sur-la-securite-psychologique-contexte-mondial-pour-la-reussite-organisationnelle\\\/\"]}]},{\"@type\":\"ImageObject\",\"inLanguage\":\"fr-FR\",\"@id\":\"https:\\\/\\\/www.workplaceoptions.com\\\/be\\\/fr\\\/etude-wpo-sur-la-securite-psychologique-contexte-mondial-pour-la-reussite-organisationnelle\\\/#primaryimage\",\"url\":\"https:\\\/\\\/www.workplaceoptions.com\\\/be\\\/wp-content\\\/uploads\\\/sites\\\/39\\\/2024\\\/09\\\/WPO-Psychological-Safety-Study.jpg\",\"contentUrl\":\"https:\\\/\\\/www.workplaceoptions.com\\\/be\\\/wp-content\\\/uploads\\\/sites\\\/39\\\/2024\\\/09\\\/WPO-Psychological-Safety-Study.jpg\",\"width\":1280,\"height\":720},{\"@type\":\"BreadcrumbList\",\"@id\":\"https:\\\/\\\/www.workplaceoptions.com\\\/be\\\/fr\\\/etude-wpo-sur-la-securite-psychologique-contexte-mondial-pour-la-reussite-organisationnelle\\\/#breadcrumb\",\"itemListElement\":[{\"@type\":\"ListItem\",\"position\":1,\"name\":\"Home\",\"item\":\"https:\\\/\\\/www.workplaceoptions.com\\\/be\\\/fr\\\/\"},{\"@type\":\"ListItem\",\"position\":2,\"name\":\"\u00c9tude WPO sur la s\u00e9curit\u00e9 psychologique\u00a0: contexte mondial pour la r\u00e9ussite organisationnelle\"}]},{\"@type\":\"WebSite\",\"@id\":\"https:\\\/\\\/www.workplaceoptions.com\\\/be\\\/fr\\\/#website\",\"url\":\"https:\\\/\\\/www.workplaceoptions.com\\\/be\\\/fr\\\/\",\"name\":\"Workplace Options - Belgium\",\"description\":\"We Offer Comprehensive Wellbeing Support For Your Organization\",\"publisher\":{\"@id\":\"https:\\\/\\\/www.workplaceoptions.com\\\/be\\\/fr\\\/#organization\"},\"potentialAction\":[{\"@type\":\"SearchAction\",\"target\":{\"@type\":\"EntryPoint\",\"urlTemplate\":\"https:\\\/\\\/www.workplaceoptions.com\\\/be\\\/fr\\\/?s={search_term_string}\"},\"query-input\":{\"@type\":\"PropertyValueSpecification\",\"valueRequired\":true,\"valueName\":\"search_term_string\"}}],\"inLanguage\":\"fr-FR\"},{\"@type\":[\"Organization\",\"Place\"],\"@id\":\"https:\\\/\\\/www.workplaceoptions.com\\\/be\\\/fr\\\/#organization\",\"name\":\"Workplace Options - Belgium\",\"url\":\"https:\\\/\\\/www.workplaceoptions.com\\\/be\\\/fr\\\/\",\"logo\":{\"@id\":\"https:\\\/\\\/www.workplaceoptions.com\\\/be\\\/fr\\\/etude-wpo-sur-la-securite-psychologique-contexte-mondial-pour-la-reussite-organisationnelle\\\/#local-main-organization-logo\"},\"image\":{\"@id\":\"https:\\\/\\\/www.workplaceoptions.com\\\/be\\\/fr\\\/etude-wpo-sur-la-securite-psychologique-contexte-mondial-pour-la-reussite-organisationnelle\\\/#local-main-organization-logo\"},\"sameAs\":[\"https:\\\/\\\/www.facebook.com\\\/workplaceoptions\",\"https:\\\/\\\/x.com\\\/WorkplaceOption\",\"https:\\\/\\\/www.linkedin.com\\\/company\\\/workplace-options\\\/\"],\"telephone\":[],\"openingHoursSpecification\":[{\"@type\":\"OpeningHoursSpecification\",\"dayOfWeek\":[\"Monday\",\"Tuesday\",\"Wednesday\",\"Thursday\",\"Friday\",\"Saturday\",\"Sunday\"],\"opens\":\"09:00\",\"closes\":\"17:00\"}]},{\"@type\":\"ImageObject\",\"inLanguage\":\"fr-FR\",\"@id\":\"https:\\\/\\\/www.workplaceoptions.com\\\/be\\\/fr\\\/etude-wpo-sur-la-securite-psychologique-contexte-mondial-pour-la-reussite-organisationnelle\\\/#local-main-organization-logo\",\"url\":\"https:\\\/\\\/www.workplaceoptions.com\\\/be\\\/wp-content\\\/uploads\\\/sites\\\/39\\\/2022\\\/01\\\/WPO-logo-1.svg\",\"contentUrl\":\"https:\\\/\\\/www.workplaceoptions.com\\\/be\\\/wp-content\\\/uploads\\\/sites\\\/39\\\/2022\\\/01\\\/WPO-logo-1.svg\",\"width\":301,\"height\":79,\"caption\":\"Workplace Options - Belgium\"}]}<\/script>\n<!-- \/ Yoast SEO Premium plugin. -->","yoast_head_json":{"title":"\u00c9tude WPO sur la s\u00e9curit\u00e9 psychologique\u00a0: contexte mondial pour la r\u00e9ussite organisationnelle - Workplace Options - Belgium","description":"The WPO Psychological Safety Study: Global Context for Organizational Success provides deep insight into the global workforce concerns.","robots":{"index":"index","follow":"follow","max-snippet":"max-snippet:-1","max-image-preview":"max-image-preview:large","max-video-preview":"max-video-preview:-1"},"canonical":"https:\/\/www.workplaceoptions.com\/be\/fr\/etude-wpo-sur-la-securite-psychologique-contexte-mondial-pour-la-reussite-organisationnelle\/","og_locale":"fr_FR","og_type":"article","og_title":"\u00c9tude WPO sur la s\u00e9curit\u00e9 psychologique\u00a0: contexte mondial pour la r\u00e9ussite organisationnelle","og_description":"The WPO Psychological Safety Study: Global Context for Organizational Success provides deep insight into the global workforce concerns.","og_url":"https:\/\/www.workplaceoptions.com\/be\/fr\/etude-wpo-sur-la-securite-psychologique-contexte-mondial-pour-la-reussite-organisationnelle\/","og_site_name":"Workplace Options - Belgium","article_publisher":"https:\/\/www.facebook.com\/workplaceoptions","og_image":[{"width":1280,"height":720,"url":"https:\/\/www.workplaceoptions.com\/be\/wp-content\/uploads\/sites\/39\/2024\/09\/WPO-Psychological-Safety-Study.jpg","type":"image\/jpeg"}],"twitter_card":"summary_large_image","twitter_description":"The WPO Psychological Safety Study: Global Context for Organizational Success provides deep insight into the global workforce concerns.","twitter_site":"@WorkplaceOption","twitter_misc":{"Dur\u00e9e de lecture estim\u00e9e":"1 minute"},"schema":{"@context":"https:\/\/schema.org","@graph":[{"@type":"WebPage","@id":"https:\/\/www.workplaceoptions.com\/be\/fr\/etude-wpo-sur-la-securite-psychologique-contexte-mondial-pour-la-reussite-organisationnelle\/","url":"https:\/\/www.workplaceoptions.com\/be\/fr\/etude-wpo-sur-la-securite-psychologique-contexte-mondial-pour-la-reussite-organisationnelle\/","name":"\u00c9tude WPO sur la s\u00e9curit\u00e9 psychologique\u00a0: contexte mondial pour la r\u00e9ussite organisationnelle - Workplace Options - Belgium","isPartOf":{"@id":"https:\/\/www.workplaceoptions.com\/be\/fr\/#website"},"primaryImageOfPage":{"@id":"https:\/\/www.workplaceoptions.com\/be\/fr\/etude-wpo-sur-la-securite-psychologique-contexte-mondial-pour-la-reussite-organisationnelle\/#primaryimage"},"image":{"@id":"https:\/\/www.workplaceoptions.com\/be\/fr\/etude-wpo-sur-la-securite-psychologique-contexte-mondial-pour-la-reussite-organisationnelle\/#primaryimage"},"thumbnailUrl":"https:\/\/www.workplaceoptions.com\/be\/wp-content\/uploads\/sites\/39\/2024\/09\/WPO-Psychological-Safety-Study.jpg","datePublished":"2024-03-14T17:35:24+00:00","description":"The WPO Psychological Safety Study: Global Context for Organizational Success provides deep insight into the global workforce concerns.","breadcrumb":{"@id":"https:\/\/www.workplaceoptions.com\/be\/fr\/etude-wpo-sur-la-securite-psychologique-contexte-mondial-pour-la-reussite-organisationnelle\/#breadcrumb"},"inLanguage":"fr-FR","potentialAction":[{"@type":"ReadAction","target":["https:\/\/www.workplaceoptions.com\/be\/fr\/etude-wpo-sur-la-securite-psychologique-contexte-mondial-pour-la-reussite-organisationnelle\/"]}]},{"@type":"ImageObject","inLanguage":"fr-FR","@id":"https:\/\/www.workplaceoptions.com\/be\/fr\/etude-wpo-sur-la-securite-psychologique-contexte-mondial-pour-la-reussite-organisationnelle\/#primaryimage","url":"https:\/\/www.workplaceoptions.com\/be\/wp-content\/uploads\/sites\/39\/2024\/09\/WPO-Psychological-Safety-Study.jpg","contentUrl":"https:\/\/www.workplaceoptions.com\/be\/wp-content\/uploads\/sites\/39\/2024\/09\/WPO-Psychological-Safety-Study.jpg","width":1280,"height":720},{"@type":"BreadcrumbList","@id":"https:\/\/www.workplaceoptions.com\/be\/fr\/etude-wpo-sur-la-securite-psychologique-contexte-mondial-pour-la-reussite-organisationnelle\/#breadcrumb","itemListElement":[{"@type":"ListItem","position":1,"name":"Home","item":"https:\/\/www.workplaceoptions.com\/be\/fr\/"},{"@type":"ListItem","position":2,"name":"\u00c9tude WPO sur la s\u00e9curit\u00e9 psychologique\u00a0: contexte mondial pour la r\u00e9ussite organisationnelle"}]},{"@type":"WebSite","@id":"https:\/\/www.workplaceoptions.com\/be\/fr\/#website","url":"https:\/\/www.workplaceoptions.com\/be\/fr\/","name":"Workplace Options - Belgium","description":"We Offer Comprehensive Wellbeing Support For Your Organization","publisher":{"@id":"https:\/\/www.workplaceoptions.com\/be\/fr\/#organization"},"potentialAction":[{"@type":"SearchAction","target":{"@type":"EntryPoint","urlTemplate":"https:\/\/www.workplaceoptions.com\/be\/fr\/?s={search_term_string}"},"query-input":{"@type":"PropertyValueSpecification","valueRequired":true,"valueName":"search_term_string"}}],"inLanguage":"fr-FR"},{"@type":["Organization","Place"],"@id":"https:\/\/www.workplaceoptions.com\/be\/fr\/#organization","name":"Workplace Options - Belgium","url":"https:\/\/www.workplaceoptions.com\/be\/fr\/","logo":{"@id":"https:\/\/www.workplaceoptions.com\/be\/fr\/etude-wpo-sur-la-securite-psychologique-contexte-mondial-pour-la-reussite-organisationnelle\/#local-main-organization-logo"},"image":{"@id":"https:\/\/www.workplaceoptions.com\/be\/fr\/etude-wpo-sur-la-securite-psychologique-contexte-mondial-pour-la-reussite-organisationnelle\/#local-main-organization-logo"},"sameAs":["https:\/\/www.facebook.com\/workplaceoptions","https:\/\/x.com\/WorkplaceOption","https:\/\/www.linkedin.com\/company\/workplace-options\/"],"telephone":[],"openingHoursSpecification":[{"@type":"OpeningHoursSpecification","dayOfWeek":["Monday","Tuesday","Wednesday","Thursday","Friday","Saturday","Sunday"],"opens":"09:00","closes":"17:00"}]},{"@type":"ImageObject","inLanguage":"fr-FR","@id":"https:\/\/www.workplaceoptions.com\/be\/fr\/etude-wpo-sur-la-securite-psychologique-contexte-mondial-pour-la-reussite-organisationnelle\/#local-main-organization-logo","url":"https:\/\/www.workplaceoptions.com\/be\/wp-content\/uploads\/sites\/39\/2022\/01\/WPO-logo-1.svg","contentUrl":"https:\/\/www.workplaceoptions.com\/be\/wp-content\/uploads\/sites\/39\/2022\/01\/WPO-logo-1.svg","width":301,"height":79,"caption":"Workplace Options - Belgium"}]}},"_links":{"self":[{"href":"https:\/\/www.workplaceoptions.com\/be\/fr\/wp-json\/wp\/v2\/pages\/22195","targetHints":{"allow":["GET"]}}],"collection":[{"href":"https:\/\/www.workplaceoptions.com\/be\/fr\/wp-json\/wp\/v2\/pages"}],"about":[{"href":"https:\/\/www.workplaceoptions.com\/be\/fr\/wp-json\/wp\/v2\/types\/page"}],"author":[{"embeddable":true,"href":"https:\/\/www.workplaceoptions.com\/be\/fr\/wp-json\/wp\/v2\/users\/2"}],"replies":[{"embeddable":true,"href":"https:\/\/www.workplaceoptions.com\/be\/fr\/wp-json\/wp\/v2\/comments?post=22195"}],"version-history":[{"count":0,"href":"https:\/\/www.workplaceoptions.com\/be\/fr\/wp-json\/wp\/v2\/pages\/22195\/revisions"}],"wp:featuredmedia":[{"embeddable":true,"href":"https:\/\/www.workplaceoptions.com\/be\/fr\/wp-json\/wp\/v2\/media\/22196"}],"wp:attachment":[{"href":"https:\/\/www.workplaceoptions.com\/be\/fr\/wp-json\/wp\/v2\/media?parent=22195"}],"curies":[{"name":"wp","href":"https:\/\/api.w.org\/{rel}","templated":true}]}}