{"id":13962,"date":"2022-02-18T04:00:19","date_gmt":"2022-02-18T08:00:19","guid":{"rendered":"https:\/\/www.workplaceoptions.com\/es\/terminos-de-uso\/"},"modified":"2022-02-18T04:00:19","modified_gmt":"2022-02-18T08:00:19","slug":"terminos-de-uso","status":"publish","type":"page","link":"https:\/\/www.workplaceoptions.com\/es\/terminos-de-uso\/","title":{"rendered":"T\u00e9rminos de Uso"},"content":{"rendered":"<div class=\"terms_of_use_Pg_heading_top\">\n<div class=\"terms_of_use_Pg_heading_ull\">\n<h3>1. Propiedad del sitio web<\/h3>\n<p>Este sitio web y sus aplicaciones son propiedad de Workplace Options, LLC y sus afiliados (&#8220;WPO&#8221;). Cualquier uso no autorizado y\/o malicioso del sitio web est\u00e1 prohibido y los infractores pueden ser procesados con todo el peso de la ley aplicable. WPO, incluidos, entre otros, sus directores, gerentes, empleados y agentes no ser\u00e1n responsables:<\/p>\n<ul>\n<li>&#8211; para investigar la exactitud de cualquier representaci\u00f3n hecha por cualquier proveedor de servicios o cualquier otra entidad que publique materiales en este sitio web<\/li>\n<li>&#8211; para las opiniones, puntos de vista, estimaciones, evaluaciones, pron\u00f3sticos o recomendaciones de cualquier proveedor de servicios o cualquier otra entidad que publique materiales en este sitio web<\/li>\n<li>&#8211; por cualquier p\u00e9rdida o da\u00f1o que surja del uso o la imposibilidad de usar este sitio web o cualquier otro sitio web<\/li>\n<\/ul>\n<h3>2. Uso de este sitio web<\/h3>\n<p>La informaci\u00f3n y los materiales presentados en este sitio web se proporcionan &#8220;tal cual&#8221; sin garant\u00edas expresas o impl\u00edcitas de ning\u00fan tipo, incluidas, entre otras, garant\u00edas de idoneidad para un prop\u00f3sito particular, comerciabilidad, precisi\u00f3n, puntualidad, rendimiento, integridad y no infracci\u00f3n. . La informaci\u00f3n y los materiales publicados en este sitio web no constituyen ni sustituyen ning\u00fan consejo m\u00e9dico, legal o profesional. Usted acepta que:<\/p>\n<ul>\n<li>&#8211; usted es el \u00fanico responsable de seleccionar un proveedor de servicios, as\u00ed como de la revisi\u00f3n de sus calificaciones;<\/li>\n<li>&#8211; la evaluaci\u00f3n de la practicidad de cualquier consejo, asistencia o instrucciones ofrecidas por cualquier proveedor de servicios recae completamente en usted;<\/li>\n<li>&#8211; cualquier decisi\u00f3n de utilizar dicho consejo, asistencia o instrucci\u00f3n recae totalmente en usted.<\/li>\n<\/ul>\n<h3>3. Propiedad Intelectual<\/h3>\n<p>Todos los nombres de productos, derechos de autor, logotipos, marcas de servicio, dise\u00f1os, dise\u00f1os y gr\u00e1ficos que se muestran en este sitio web que se identifiquen de cualquier manera o que aparezcan en un tipo diferente al del texto que los rodea (colectivamente, las &#8220;Marcas comerciales&#8221;) son propiedad de Marcas comerciales por WPO, a menos que se identifique de otra manera como propiedad de otra entidad. Nada de lo contenido en este Acuerdo se interpretar\u00e1 como una concesi\u00f3n por implicaci\u00f3n, impedimento legal o de otro modo, de cualquier licencia o derecho, ya sea expl\u00edcito o impl\u00edcito, bajo cualquier Marca comercial de WPO o de un tercero. No se puede hacer uso de ninguna marca comercial sin la autorizaci\u00f3n previa por escrito de WPO.<\/p>\n<h3>4. Asunci\u00f3n de Riesgo<\/h3>\n<p class=\"upcs\">En la m\u00e1xima medida permitida por la ley, usted asume toda la responsabilidad y asume todos los riesgos que surjan del uso de este sitio web, Internet en general o los servicios proporcionados por este sitio web, incluidos los riesgos asociados con la disponibilidad del sitio web, la precisi\u00f3n de la informaci\u00f3n, el uso, la recopilaci\u00f3n, la transferencia, divulgaci\u00f3n y\/o cualquier corrupci\u00f3n de su sistema inform\u00e1tico. las traducciones de mensajer\u00eda instant\u00e1nea son realizadas por un servicio de traducci\u00f3n autom\u00e1tica de terceros. usted asume toda la responsabilidad por la exactitud o validez de dicha informaci\u00f3n de traducci\u00f3n. para evitar dudas, wpo se exime de cualquier responsabilidad por cualquier p\u00e9rdida sufrida como resultado de una mala traducci\u00f3n o mala interpretaci\u00f3n de cualquier traducci\u00f3n. usted reconoce y acepta que en ning\u00fan caso el propietario de este sitio web, sus afiliadas o subsidiarias y\/o sus respectivos funcionarios, directores, empleados, agentes, representantes, proveedores de informaci\u00f3n y licenciatarios y\/o sus respectivos herederos y cesionarios, ser\u00e1n responsable de cualquier da\u00f1o de cualquier tipo o naturaleza, incluidos, entre otros, da\u00f1os directos, indirectos, incidentales, consecuentes, ejemplares, especiales (incluida la p\u00e9rdida de ganancias), punitivos u otros da\u00f1os que surjan de o en conexi\u00f3n con la existencia o el uso de este sitio web o de los servicios proporcionados por este sitio web, independientemente de si wpo o cualquiera de las otras entidades o personas mencionadas anteriormente han sido advertidas sobre la posibilidad de tales da\u00f1os.<\/p>\n<p>Adem\u00e1s, acepta indemnizar y eximir de responsabilidad a los propietarios de este sitio web, sus funcionarios, cesionarios, agentes, empleados, funcionarios, directores o proveedores y su personal, y cualquier subsidiaria de cualquier tarifa, reclamo, da\u00f1o, lesi\u00f3n, disputa, causa de acci\u00f3n, da\u00f1os y gastos, incluidos los honorarios razonables de abogados y los costos judiciales, que puedan surgir de su uso directo o indirecto de este sitio web, sus caracter\u00edsticas, informaci\u00f3n, materiales y contenido, u otros servicios de este sitio web o cualquier otros servicios de WPO.<\/p>\n<h3>5. Publicaci\u00f3n en el sitio web<\/h3>\n<p>Usted acepta que no publicar\u00e1 en este sitio web ning\u00fan material que sea falso, difamatorio, inexacto, abusivo, vulgar, odioso, acosador, obsceno, profano, de orientaci\u00f3n sexual, amenazante, invasivo de la privacidad de una persona o material para adultos, en violaci\u00f3n de cualquier ley estadounidense o aplicable. No publicar\u00e1 ning\u00fan material protegido por derechos de autor a menos que sea el propietario de los derechos de autor o tenga el consentimiento por escrito del propietario del material protegido por derechos de autor para publicar dichos materiales. Tambi\u00e9n est\u00e1n prohibidos el spam, las inundaciones, los anuncios, las cartas en cadena, los esquemas piramidales y las solicitudes.<\/p>\n<h3>6. Tu cuenta<\/h3>\n<p>Tienes la posibilidad de elegir tu nombre de usuario y contrase\u00f1a. Usted acepta, para su protecci\u00f3n y por razones de seguridad, nunca dar su nombre de usuario y contrase\u00f1a a otra persona, excepto al administrador del programa. Para evitar el robo de la cuenta, debe utilizar una contrase\u00f1a \u00fanica y compleja para su cuenta. Si desea eliminar permanentemente su cuenta, la informaci\u00f3n de su perfil y\/o cualquier otro registro o dato de este sitio web, comun\u00edquese con el administrador de su programa.<\/p>\n<h3>7. Disponibilidad de Servicios<\/h3>\n<p>Este sitio web puede proporcionar informaci\u00f3n sobre productos o servicios que pueden no estar disponibles en todos los pa\u00edses. Las marcas comerciales utilizadas para ciertos productos o servicios pueden diferir en pa\u00edses espec\u00edficos. En ciertos pa\u00edses, algunos de los productos o servicios mencionados en este sitio web pueden estar aprobados o aprobados por las autoridades reguladoras con diferentes usos y restricciones.<\/p>\n<h3>8. Aviso de Privacidad. \u00bfQu\u00e9 es la protecci\u00f3n de datos?<\/h3>\n<p>WPO se compromete a proteger toda la informaci\u00f3n personal y privada de conformidad con todas y cada una de las leyes, reglamentaciones y est\u00e1ndares aplicables, incluidos, entre otros, los est\u00e1ndares establecidos en los Estados Unidos en virtud de la Ley de Portabilidad y Responsabilidad de Seguros M\u00e9dicos y en el Reino Unido en virtud de la Ley de Protecci\u00f3n de Datos. Ley de Protecci\u00f3n de 1998. En caso de uso de este sitio web dentro de la Uni\u00f3n Europea, WPO est\u00e1 sujeto al marco del Escudo de privacidad, el Reglamento general de protecci\u00f3n de datos (Reglamento (UE) 2016\/679), en vigor a partir del 25 de mayo de 2018 y cualquier legislaci\u00f3n nacional que implemente el precedente.<\/p>\n<\/div>\n<p>Para obtener m\u00e1s informaci\u00f3n sobre c\u00f3mo tratamos sus datos personales, consulte nuestra pol\u00edtica de privacidad (https:\/\/www.workplaceoptions.com\/privacy-policy).<\/p>\n<p>WPO mantiene medidas de seguridad administrativas, t\u00e9cnicas y f\u00edsicas apropiadas dise\u00f1adas para proteger su informaci\u00f3n personal de acuerdo con la ley aplicable. WPO utiliza encriptaci\u00f3n est\u00e1ndar de la industria en este sitio web. Desafortunadamente, la transmisi\u00f3n de informaci\u00f3n a trav\u00e9s de Internet no es completamente segura. Aunque WPO har\u00e1 todo lo posible para proteger sus datos personales, WPO no puede garantizar la seguridad de sus datos transmitidos a este sitio web; cualquier transmisi\u00f3n es bajo su propio riesgo.<\/p>\n<p>WPO no evaluar\u00e1 ninguna computadora, tableta u otro dispositivo m\u00f3vil que pueda usar para acceder a los servicios de WPO para el manejo seguro de su informaci\u00f3n personal. WPO se exime de cualquier responsabilidad por cualquier p\u00e9rdida que resulte de las deficiencias de seguridad y protecci\u00f3n de datos que se originen en sus propios dispositivos electr\u00f3nicos.<\/p>\n<\/div>\n","protected":false},"excerpt":{"rendered":"<p>1. Propiedad del sitio web Este sitio web y sus..<\/p>\n","protected":false},"author":2,"featured_media":13827,"parent":0,"menu_order":0,"comment_status":"closed","ping_status":"closed","template":"page_template\/template-termsofservice.php","meta":{"_acf_changed":false,"footnotes":""},"class_list":["post-13962","page","type-page","status-publish","has-post-thumbnail","hentry"],"acf":[],"yoast_head":"<!-- This site is optimized with the Yoast SEO Premium plugin v27.3 (Yoast SEO v27.3) - https:\/\/yoast.com\/product\/yoast-seo-premium-wordpress\/ -->\n<title>T\u00e9rminos de Uso - Workplace Options - Espa\u00f1a<\/title>\n<meta name=\"robots\" content=\"index, follow, max-snippet:-1, max-image-preview:large, max-video-preview:-1\" \/>\n<link rel=\"canonical\" href=\"https:\/\/www.workplaceoptions.com\/es\/terminos-de-uso\/\" \/>\n<meta property=\"og:locale\" content=\"es_ES\" \/>\n<meta property=\"og:type\" content=\"article\" \/>\n<meta property=\"og:title\" content=\"T\u00e9rminos de Uso\" \/>\n<meta property=\"og:description\" content=\"1. Propiedad del sitio web Este sitio web y sus..\" \/>\n<meta property=\"og:url\" content=\"https:\/\/www.workplaceoptions.com\/es\/terminos-de-uso\/\" \/>\n<meta property=\"og:site_name\" content=\"Workplace Options - Espa\u00f1a\" \/>\n<meta property=\"article:publisher\" content=\"https:\/\/www.facebook.com\/workplaceoptions\" \/>\n<meta property=\"og:image\" content=\"https:\/\/www.workplaceoptions.com\/es\/wp-content\/uploads\/sites\/44\/2022\/02\/41.jpg\" \/>\n\t<meta property=\"og:image:width\" content=\"200\" \/>\n\t<meta property=\"og:image:height\" content=\"200\" \/>\n\t<meta property=\"og:image:type\" content=\"image\/jpeg\" \/>\n<meta name=\"twitter:card\" content=\"summary_large_image\" \/>\n<meta name=\"twitter:site\" content=\"@WorkplaceOption\" \/>\n<meta name=\"twitter:label1\" content=\"Tiempo de lectura\" \/>\n\t<meta name=\"twitter:data1\" content=\"7 minutos\" \/>\n<script type=\"application\/ld+json\" class=\"yoast-schema-graph\">{\"@context\":\"https:\\\/\\\/schema.org\",\"@graph\":[{\"@type\":\"WebPage\",\"@id\":\"https:\\\/\\\/www.workplaceoptions.com\\\/es\\\/terminos-de-uso\\\/\",\"url\":\"https:\\\/\\\/www.workplaceoptions.com\\\/es\\\/terminos-de-uso\\\/\",\"name\":\"T\u00e9rminos de Uso - Workplace Options - Espa\u00f1a\",\"isPartOf\":{\"@id\":\"https:\\\/\\\/www.workplaceoptions.com\\\/es\\\/#website\"},\"primaryImageOfPage\":{\"@id\":\"https:\\\/\\\/www.workplaceoptions.com\\\/es\\\/terminos-de-uso\\\/#primaryimage\"},\"image\":{\"@id\":\"https:\\\/\\\/www.workplaceoptions.com\\\/es\\\/terminos-de-uso\\\/#primaryimage\"},\"thumbnailUrl\":\"https:\\\/\\\/www.workplaceoptions.com\\\/es\\\/wp-content\\\/uploads\\\/sites\\\/44\\\/2022\\\/02\\\/41.jpg\",\"datePublished\":\"2022-02-18T08:00:19+00:00\",\"breadcrumb\":{\"@id\":\"https:\\\/\\\/www.workplaceoptions.com\\\/es\\\/terminos-de-uso\\\/#breadcrumb\"},\"inLanguage\":\"es\",\"potentialAction\":[{\"@type\":\"ReadAction\",\"target\":[\"https:\\\/\\\/www.workplaceoptions.com\\\/es\\\/terminos-de-uso\\\/\"]}]},{\"@type\":\"ImageObject\",\"inLanguage\":\"es\",\"@id\":\"https:\\\/\\\/www.workplaceoptions.com\\\/es\\\/terminos-de-uso\\\/#primaryimage\",\"url\":\"https:\\\/\\\/www.workplaceoptions.com\\\/es\\\/wp-content\\\/uploads\\\/sites\\\/44\\\/2022\\\/02\\\/41.jpg\",\"contentUrl\":\"https:\\\/\\\/www.workplaceoptions.com\\\/es\\\/wp-content\\\/uploads\\\/sites\\\/44\\\/2022\\\/02\\\/41.jpg\",\"width\":200,\"height\":200},{\"@type\":\"BreadcrumbList\",\"@id\":\"https:\\\/\\\/www.workplaceoptions.com\\\/es\\\/terminos-de-uso\\\/#breadcrumb\",\"itemListElement\":[{\"@type\":\"ListItem\",\"position\":1,\"name\":\"Home\",\"item\":\"https:\\\/\\\/www.workplaceoptions.com\\\/es\\\/\"},{\"@type\":\"ListItem\",\"position\":2,\"name\":\"T\u00e9rminos de Uso\"}]},{\"@type\":\"WebSite\",\"@id\":\"https:\\\/\\\/www.workplaceoptions.com\\\/es\\\/#website\",\"url\":\"https:\\\/\\\/www.workplaceoptions.com\\\/es\\\/\",\"name\":\"Workplace Options - Espa\u00f1a\",\"description\":\"Apoyando el Bienestar de los Empleados en Espa\u00f1a\",\"publisher\":{\"@id\":\"https:\\\/\\\/www.workplaceoptions.com\\\/es\\\/#organization\"},\"potentialAction\":[{\"@type\":\"SearchAction\",\"target\":{\"@type\":\"EntryPoint\",\"urlTemplate\":\"https:\\\/\\\/www.workplaceoptions.com\\\/es\\\/?s={search_term_string}\"},\"query-input\":{\"@type\":\"PropertyValueSpecification\",\"valueRequired\":true,\"valueName\":\"search_term_string\"}}],\"inLanguage\":\"es\"},{\"@type\":[\"Organization\",\"Place\"],\"@id\":\"https:\\\/\\\/www.workplaceoptions.com\\\/es\\\/#organization\",\"name\":\"Workplace Options - Espa\u00f1a\",\"url\":\"https:\\\/\\\/www.workplaceoptions.com\\\/es\\\/\",\"logo\":{\"@id\":\"https:\\\/\\\/www.workplaceoptions.com\\\/es\\\/terminos-de-uso\\\/#local-main-organization-logo\"},\"image\":{\"@id\":\"https:\\\/\\\/www.workplaceoptions.com\\\/es\\\/terminos-de-uso\\\/#local-main-organization-logo\"},\"sameAs\":[\"https:\\\/\\\/www.facebook.com\\\/workplaceoptions\",\"https:\\\/\\\/x.com\\\/WorkplaceOption\"],\"telephone\":[],\"openingHoursSpecification\":[{\"@type\":\"OpeningHoursSpecification\",\"dayOfWeek\":[\"Monday\",\"Tuesday\",\"Wednesday\",\"Thursday\",\"Friday\",\"Saturday\",\"Sunday\"],\"opens\":\"09:00\",\"closes\":\"17:00\"}]},{\"@type\":\"ImageObject\",\"inLanguage\":\"es\",\"@id\":\"https:\\\/\\\/www.workplaceoptions.com\\\/es\\\/terminos-de-uso\\\/#local-main-organization-logo\",\"url\":\"https:\\\/\\\/www.workplaceoptions.com\\\/es\\\/wp-content\\\/uploads\\\/sites\\\/44\\\/2022\\\/01\\\/WPO-logo-1.svg\",\"contentUrl\":\"https:\\\/\\\/www.workplaceoptions.com\\\/es\\\/wp-content\\\/uploads\\\/sites\\\/44\\\/2022\\\/01\\\/WPO-logo-1.svg\",\"width\":301,\"height\":79,\"caption\":\"Workplace Options - Espa\u00f1a\"}]}<\/script>\n<!-- \/ Yoast SEO Premium plugin. -->","yoast_head_json":{"title":"T\u00e9rminos de Uso - Workplace Options - Espa\u00f1a","robots":{"index":"index","follow":"follow","max-snippet":"max-snippet:-1","max-image-preview":"max-image-preview:large","max-video-preview":"max-video-preview:-1"},"canonical":"https:\/\/www.workplaceoptions.com\/es\/terminos-de-uso\/","og_locale":"es_ES","og_type":"article","og_title":"T\u00e9rminos de Uso","og_description":"1. Propiedad del sitio web Este sitio web y sus..","og_url":"https:\/\/www.workplaceoptions.com\/es\/terminos-de-uso\/","og_site_name":"Workplace Options - Espa\u00f1a","article_publisher":"https:\/\/www.facebook.com\/workplaceoptions","og_image":[{"width":200,"height":200,"url":"https:\/\/www.workplaceoptions.com\/es\/wp-content\/uploads\/sites\/44\/2022\/02\/41.jpg","type":"image\/jpeg"}],"twitter_card":"summary_large_image","twitter_site":"@WorkplaceOption","twitter_misc":{"Tiempo de lectura":"7 minutos"},"schema":{"@context":"https:\/\/schema.org","@graph":[{"@type":"WebPage","@id":"https:\/\/www.workplaceoptions.com\/es\/terminos-de-uso\/","url":"https:\/\/www.workplaceoptions.com\/es\/terminos-de-uso\/","name":"T\u00e9rminos de Uso - Workplace Options - Espa\u00f1a","isPartOf":{"@id":"https:\/\/www.workplaceoptions.com\/es\/#website"},"primaryImageOfPage":{"@id":"https:\/\/www.workplaceoptions.com\/es\/terminos-de-uso\/#primaryimage"},"image":{"@id":"https:\/\/www.workplaceoptions.com\/es\/terminos-de-uso\/#primaryimage"},"thumbnailUrl":"https:\/\/www.workplaceoptions.com\/es\/wp-content\/uploads\/sites\/44\/2022\/02\/41.jpg","datePublished":"2022-02-18T08:00:19+00:00","breadcrumb":{"@id":"https:\/\/www.workplaceoptions.com\/es\/terminos-de-uso\/#breadcrumb"},"inLanguage":"es","potentialAction":[{"@type":"ReadAction","target":["https:\/\/www.workplaceoptions.com\/es\/terminos-de-uso\/"]}]},{"@type":"ImageObject","inLanguage":"es","@id":"https:\/\/www.workplaceoptions.com\/es\/terminos-de-uso\/#primaryimage","url":"https:\/\/www.workplaceoptions.com\/es\/wp-content\/uploads\/sites\/44\/2022\/02\/41.jpg","contentUrl":"https:\/\/www.workplaceoptions.com\/es\/wp-content\/uploads\/sites\/44\/2022\/02\/41.jpg","width":200,"height":200},{"@type":"BreadcrumbList","@id":"https:\/\/www.workplaceoptions.com\/es\/terminos-de-uso\/#breadcrumb","itemListElement":[{"@type":"ListItem","position":1,"name":"Home","item":"https:\/\/www.workplaceoptions.com\/es\/"},{"@type":"ListItem","position":2,"name":"T\u00e9rminos de Uso"}]},{"@type":"WebSite","@id":"https:\/\/www.workplaceoptions.com\/es\/#website","url":"https:\/\/www.workplaceoptions.com\/es\/","name":"Workplace Options - Espa\u00f1a","description":"Apoyando el Bienestar de los Empleados en Espa\u00f1a","publisher":{"@id":"https:\/\/www.workplaceoptions.com\/es\/#organization"},"potentialAction":[{"@type":"SearchAction","target":{"@type":"EntryPoint","urlTemplate":"https:\/\/www.workplaceoptions.com\/es\/?s={search_term_string}"},"query-input":{"@type":"PropertyValueSpecification","valueRequired":true,"valueName":"search_term_string"}}],"inLanguage":"es"},{"@type":["Organization","Place"],"@id":"https:\/\/www.workplaceoptions.com\/es\/#organization","name":"Workplace Options - Espa\u00f1a","url":"https:\/\/www.workplaceoptions.com\/es\/","logo":{"@id":"https:\/\/www.workplaceoptions.com\/es\/terminos-de-uso\/#local-main-organization-logo"},"image":{"@id":"https:\/\/www.workplaceoptions.com\/es\/terminos-de-uso\/#local-main-organization-logo"},"sameAs":["https:\/\/www.facebook.com\/workplaceoptions","https:\/\/x.com\/WorkplaceOption"],"telephone":[],"openingHoursSpecification":[{"@type":"OpeningHoursSpecification","dayOfWeek":["Monday","Tuesday","Wednesday","Thursday","Friday","Saturday","Sunday"],"opens":"09:00","closes":"17:00"}]},{"@type":"ImageObject","inLanguage":"es","@id":"https:\/\/www.workplaceoptions.com\/es\/terminos-de-uso\/#local-main-organization-logo","url":"https:\/\/www.workplaceoptions.com\/es\/wp-content\/uploads\/sites\/44\/2022\/01\/WPO-logo-1.svg","contentUrl":"https:\/\/www.workplaceoptions.com\/es\/wp-content\/uploads\/sites\/44\/2022\/01\/WPO-logo-1.svg","width":301,"height":79,"caption":"Workplace Options - Espa\u00f1a"}]}},"_links":{"self":[{"href":"https:\/\/www.workplaceoptions.com\/es\/wp-json\/wp\/v2\/pages\/13962","targetHints":{"allow":["GET"]}}],"collection":[{"href":"https:\/\/www.workplaceoptions.com\/es\/wp-json\/wp\/v2\/pages"}],"about":[{"href":"https:\/\/www.workplaceoptions.com\/es\/wp-json\/wp\/v2\/types\/page"}],"author":[{"embeddable":true,"href":"https:\/\/www.workplaceoptions.com\/es\/wp-json\/wp\/v2\/users\/2"}],"replies":[{"embeddable":true,"href":"https:\/\/www.workplaceoptions.com\/es\/wp-json\/wp\/v2\/comments?post=13962"}],"version-history":[{"count":0,"href":"https:\/\/www.workplaceoptions.com\/es\/wp-json\/wp\/v2\/pages\/13962\/revisions"}],"wp:featuredmedia":[{"embeddable":true,"href":"https:\/\/www.workplaceoptions.com\/es\/wp-json\/wp\/v2\/media\/13827"}],"wp:attachment":[{"href":"https:\/\/www.workplaceoptions.com\/es\/wp-json\/wp\/v2\/media?parent=13962"}],"curies":[{"name":"wp","href":"https:\/\/api.w.org\/{rel}","templated":true}]}}