{"id":12762,"date":"2021-11-15T06:03:58","date_gmt":"2021-11-15T04:03:58","guid":{"rendered":"http:\/\/103.72.76.87\/fr\/a-propos-de-nous\/"},"modified":"2023-10-23T15:17:10","modified_gmt":"2023-10-23T13:17:10","slug":"a-propos-de-wpo","status":"publish","type":"page","link":"https:\/\/www.workplaceoptions.com\/fr\/a-propos-de-wpo\/","title":{"rendered":"\u00c0 propos de WPO"},"content":{"rendered":"","protected":false},"excerpt":{"rendered":"","protected":false},"author":3,"featured_media":3831,"parent":0,"menu_order":0,"comment_status":"closed","ping_status":"closed","template":"page_template\/template-about.php","meta":{"_acf_changed":false,"footnotes":""},"class_list":["post-12762","page","type-page","status-publish","has-post-thumbnail","hentry"],"acf":[],"yoast_head":"<!-- This site is optimized with the Yoast SEO Premium plugin v27.3 (Yoast SEO v27.3) - https:\/\/yoast.com\/product\/yoast-seo-premium-wordpress\/ -->\n<title>\u00c0 propos de WPO - Workplace Options - France<\/title>\n<meta name=\"robots\" content=\"index, follow, max-snippet:-1, max-image-preview:large, max-video-preview:-1\" \/>\n<link rel=\"canonical\" href=\"https:\/\/www.workplaceoptions.com\/fr\/a-propos-de-wpo\/\" \/>\n<meta property=\"og:locale\" content=\"fr_FR\" \/>\n<meta property=\"og:type\" content=\"article\" \/>\n<meta property=\"og:title\" content=\"\u00c0 propos de WPO\" \/>\n<meta property=\"og:url\" content=\"https:\/\/www.workplaceoptions.com\/fr\/a-propos-de-wpo\/\" \/>\n<meta property=\"og:site_name\" content=\"Workplace Options - France\" \/>\n<meta property=\"article:publisher\" content=\"https:\/\/www.facebook.com\/workplaceoptions\" \/>\n<meta property=\"article:modified_time\" content=\"2023-10-23T13:17:10+00:00\" \/>\n<meta property=\"og:image\" content=\"https:\/\/www.workplaceoptions.com\/fr\/wp-content\/uploads\/sites\/26\/2021\/12\/shutterstock_2002100279-min.png\" \/>\n\t<meta property=\"og:image:width\" content=\"1920\" \/>\n\t<meta property=\"og:image:height\" content=\"758\" \/>\n\t<meta property=\"og:image:type\" content=\"image\/png\" \/>\n<meta name=\"twitter:card\" content=\"summary_large_image\" \/>\n<meta name=\"twitter:site\" content=\"@WorkplaceOption\" \/>\n<script type=\"application\/ld+json\" class=\"yoast-schema-graph\">{\"@context\":\"https:\\\/\\\/schema.org\",\"@graph\":[{\"@type\":\"WebPage\",\"@id\":\"https:\\\/\\\/www.workplaceoptions.com\\\/fr\\\/a-propos-de-wpo\\\/\",\"url\":\"https:\\\/\\\/www.workplaceoptions.com\\\/fr\\\/a-propos-de-wpo\\\/\",\"name\":\"\u00c0 propos de WPO - Workplace Options - France\",\"isPartOf\":{\"@id\":\"https:\\\/\\\/www.workplaceoptions.com\\\/fr\\\/#website\"},\"primaryImageOfPage\":{\"@id\":\"https:\\\/\\\/www.workplaceoptions.com\\\/fr\\\/a-propos-de-wpo\\\/#primaryimage\"},\"image\":{\"@id\":\"https:\\\/\\\/www.workplaceoptions.com\\\/fr\\\/a-propos-de-wpo\\\/#primaryimage\"},\"thumbnailUrl\":\"https:\\\/\\\/www.workplaceoptions.com\\\/fr\\\/wp-content\\\/uploads\\\/sites\\\/26\\\/2021\\\/12\\\/shutterstock_2002100279-min.png\",\"datePublished\":\"2021-11-15T04:03:58+00:00\",\"dateModified\":\"2023-10-23T13:17:10+00:00\",\"breadcrumb\":{\"@id\":\"https:\\\/\\\/www.workplaceoptions.com\\\/fr\\\/a-propos-de-wpo\\\/#breadcrumb\"},\"inLanguage\":\"fr-FR\",\"potentialAction\":[{\"@type\":\"ReadAction\",\"target\":[\"https:\\\/\\\/www.workplaceoptions.com\\\/fr\\\/a-propos-de-wpo\\\/\"]}]},{\"@type\":\"ImageObject\",\"inLanguage\":\"fr-FR\",\"@id\":\"https:\\\/\\\/www.workplaceoptions.com\\\/fr\\\/a-propos-de-wpo\\\/#primaryimage\",\"url\":\"https:\\\/\\\/www.workplaceoptions.com\\\/fr\\\/wp-content\\\/uploads\\\/sites\\\/26\\\/2021\\\/12\\\/shutterstock_2002100279-min.png\",\"contentUrl\":\"https:\\\/\\\/www.workplaceoptions.com\\\/fr\\\/wp-content\\\/uploads\\\/sites\\\/26\\\/2021\\\/12\\\/shutterstock_2002100279-min.png\",\"width\":1920,\"height\":758},{\"@type\":\"BreadcrumbList\",\"@id\":\"https:\\\/\\\/www.workplaceoptions.com\\\/fr\\\/a-propos-de-wpo\\\/#breadcrumb\",\"itemListElement\":[{\"@type\":\"ListItem\",\"position\":1,\"name\":\"Home\",\"item\":\"https:\\\/\\\/www.workplaceoptions.com\\\/fr\\\/\"},{\"@type\":\"ListItem\",\"position\":2,\"name\":\"\u00c0 propos de WPO\"}]},{\"@type\":\"WebSite\",\"@id\":\"https:\\\/\\\/www.workplaceoptions.com\\\/fr\\\/#website\",\"url\":\"https:\\\/\\\/www.workplaceoptions.com\\\/fr\\\/\",\"name\":\"Workplace Options - France\",\"description\":\"Nous offrons un soutien complet en mati\u00e8re de bien-\u00eatre \u00e0 votre organisation\",\"publisher\":{\"@id\":\"https:\\\/\\\/www.workplaceoptions.com\\\/fr\\\/#organization\"},\"potentialAction\":[{\"@type\":\"SearchAction\",\"target\":{\"@type\":\"EntryPoint\",\"urlTemplate\":\"https:\\\/\\\/www.workplaceoptions.com\\\/fr\\\/?s={search_term_string}\"},\"query-input\":{\"@type\":\"PropertyValueSpecification\",\"valueRequired\":true,\"valueName\":\"search_term_string\"}}],\"inLanguage\":\"fr-FR\"},{\"@type\":[\"Organization\",\"Place\"],\"@id\":\"https:\\\/\\\/www.workplaceoptions.com\\\/fr\\\/#organization\",\"name\":\"Workplace Options - France\",\"url\":\"https:\\\/\\\/www.workplaceoptions.com\\\/fr\\\/\",\"logo\":{\"@id\":\"https:\\\/\\\/www.workplaceoptions.com\\\/fr\\\/a-propos-de-wpo\\\/#local-main-organization-logo\"},\"image\":{\"@id\":\"https:\\\/\\\/www.workplaceoptions.com\\\/fr\\\/a-propos-de-wpo\\\/#local-main-organization-logo\"},\"sameAs\":[\"https:\\\/\\\/www.facebook.com\\\/workplaceoptions\",\"https:\\\/\\\/x.com\\\/WorkplaceOption\",\"https:\\\/\\\/www.linkedin.com\\\/company\\\/workplace-options\\\/\"],\"telephone\":[],\"openingHoursSpecification\":[{\"@type\":\"OpeningHoursSpecification\",\"dayOfWeek\":[\"Monday\",\"Tuesday\",\"Wednesday\",\"Thursday\",\"Friday\",\"Saturday\",\"Sunday\"],\"opens\":\"09:00\",\"closes\":\"17:00\"}]},{\"@type\":\"ImageObject\",\"inLanguage\":\"fr-FR\",\"@id\":\"https:\\\/\\\/www.workplaceoptions.com\\\/fr\\\/a-propos-de-wpo\\\/#local-main-organization-logo\",\"url\":\"https:\\\/\\\/www.workplaceoptions.com\\\/fr\\\/wp-content\\\/uploads\\\/sites\\\/26\\\/2022\\\/01\\\/WPO-logo-1.svg\",\"contentUrl\":\"https:\\\/\\\/www.workplaceoptions.com\\\/fr\\\/wp-content\\\/uploads\\\/sites\\\/26\\\/2022\\\/01\\\/WPO-logo-1.svg\",\"width\":301,\"height\":79,\"caption\":\"Workplace Options - France\"}]}<\/script>\n<!-- \/ Yoast SEO Premium plugin. -->","yoast_head_json":{"title":"\u00c0 propos de WPO - Workplace Options - France","robots":{"index":"index","follow":"follow","max-snippet":"max-snippet:-1","max-image-preview":"max-image-preview:large","max-video-preview":"max-video-preview:-1"},"canonical":"https:\/\/www.workplaceoptions.com\/fr\/a-propos-de-wpo\/","og_locale":"fr_FR","og_type":"article","og_title":"\u00c0 propos de WPO","og_url":"https:\/\/www.workplaceoptions.com\/fr\/a-propos-de-wpo\/","og_site_name":"Workplace Options - France","article_publisher":"https:\/\/www.facebook.com\/workplaceoptions","article_modified_time":"2023-10-23T13:17:10+00:00","og_image":[{"width":1920,"height":758,"url":"https:\/\/www.workplaceoptions.com\/fr\/wp-content\/uploads\/sites\/26\/2021\/12\/shutterstock_2002100279-min.png","type":"image\/png"}],"twitter_card":"summary_large_image","twitter_site":"@WorkplaceOption","schema":{"@context":"https:\/\/schema.org","@graph":[{"@type":"WebPage","@id":"https:\/\/www.workplaceoptions.com\/fr\/a-propos-de-wpo\/","url":"https:\/\/www.workplaceoptions.com\/fr\/a-propos-de-wpo\/","name":"\u00c0 propos de WPO - Workplace Options - France","isPartOf":{"@id":"https:\/\/www.workplaceoptions.com\/fr\/#website"},"primaryImageOfPage":{"@id":"https:\/\/www.workplaceoptions.com\/fr\/a-propos-de-wpo\/#primaryimage"},"image":{"@id":"https:\/\/www.workplaceoptions.com\/fr\/a-propos-de-wpo\/#primaryimage"},"thumbnailUrl":"https:\/\/www.workplaceoptions.com\/fr\/wp-content\/uploads\/sites\/26\/2021\/12\/shutterstock_2002100279-min.png","datePublished":"2021-11-15T04:03:58+00:00","dateModified":"2023-10-23T13:17:10+00:00","breadcrumb":{"@id":"https:\/\/www.workplaceoptions.com\/fr\/a-propos-de-wpo\/#breadcrumb"},"inLanguage":"fr-FR","potentialAction":[{"@type":"ReadAction","target":["https:\/\/www.workplaceoptions.com\/fr\/a-propos-de-wpo\/"]}]},{"@type":"ImageObject","inLanguage":"fr-FR","@id":"https:\/\/www.workplaceoptions.com\/fr\/a-propos-de-wpo\/#primaryimage","url":"https:\/\/www.workplaceoptions.com\/fr\/wp-content\/uploads\/sites\/26\/2021\/12\/shutterstock_2002100279-min.png","contentUrl":"https:\/\/www.workplaceoptions.com\/fr\/wp-content\/uploads\/sites\/26\/2021\/12\/shutterstock_2002100279-min.png","width":1920,"height":758},{"@type":"BreadcrumbList","@id":"https:\/\/www.workplaceoptions.com\/fr\/a-propos-de-wpo\/#breadcrumb","itemListElement":[{"@type":"ListItem","position":1,"name":"Home","item":"https:\/\/www.workplaceoptions.com\/fr\/"},{"@type":"ListItem","position":2,"name":"\u00c0 propos de WPO"}]},{"@type":"WebSite","@id":"https:\/\/www.workplaceoptions.com\/fr\/#website","url":"https:\/\/www.workplaceoptions.com\/fr\/","name":"Workplace Options - France","description":"Nous offrons un soutien complet en mati\u00e8re de bien-\u00eatre \u00e0 votre organisation","publisher":{"@id":"https:\/\/www.workplaceoptions.com\/fr\/#organization"},"potentialAction":[{"@type":"SearchAction","target":{"@type":"EntryPoint","urlTemplate":"https:\/\/www.workplaceoptions.com\/fr\/?s={search_term_string}"},"query-input":{"@type":"PropertyValueSpecification","valueRequired":true,"valueName":"search_term_string"}}],"inLanguage":"fr-FR"},{"@type":["Organization","Place"],"@id":"https:\/\/www.workplaceoptions.com\/fr\/#organization","name":"Workplace Options - France","url":"https:\/\/www.workplaceoptions.com\/fr\/","logo":{"@id":"https:\/\/www.workplaceoptions.com\/fr\/a-propos-de-wpo\/#local-main-organization-logo"},"image":{"@id":"https:\/\/www.workplaceoptions.com\/fr\/a-propos-de-wpo\/#local-main-organization-logo"},"sameAs":["https:\/\/www.facebook.com\/workplaceoptions","https:\/\/x.com\/WorkplaceOption","https:\/\/www.linkedin.com\/company\/workplace-options\/"],"telephone":[],"openingHoursSpecification":[{"@type":"OpeningHoursSpecification","dayOfWeek":["Monday","Tuesday","Wednesday","Thursday","Friday","Saturday","Sunday"],"opens":"09:00","closes":"17:00"}]},{"@type":"ImageObject","inLanguage":"fr-FR","@id":"https:\/\/www.workplaceoptions.com\/fr\/a-propos-de-wpo\/#local-main-organization-logo","url":"https:\/\/www.workplaceoptions.com\/fr\/wp-content\/uploads\/sites\/26\/2022\/01\/WPO-logo-1.svg","contentUrl":"https:\/\/www.workplaceoptions.com\/fr\/wp-content\/uploads\/sites\/26\/2022\/01\/WPO-logo-1.svg","width":301,"height":79,"caption":"Workplace Options - France"}]}},"_links":{"self":[{"href":"https:\/\/www.workplaceoptions.com\/fr\/wp-json\/wp\/v2\/pages\/12762","targetHints":{"allow":["GET"]}}],"collection":[{"href":"https:\/\/www.workplaceoptions.com\/fr\/wp-json\/wp\/v2\/pages"}],"about":[{"href":"https:\/\/www.workplaceoptions.com\/fr\/wp-json\/wp\/v2\/types\/page"}],"author":[{"embeddable":true,"href":"https:\/\/www.workplaceoptions.com\/fr\/wp-json\/wp\/v2\/users\/3"}],"replies":[{"embeddable":true,"href":"https:\/\/www.workplaceoptions.com\/fr\/wp-json\/wp\/v2\/comments?post=12762"}],"version-history":[{"count":8,"href":"https:\/\/www.workplaceoptions.com\/fr\/wp-json\/wp\/v2\/pages\/12762\/revisions"}],"predecessor-version":[{"id":14812,"href":"https:\/\/www.workplaceoptions.com\/fr\/wp-json\/wp\/v2\/pages\/12762\/revisions\/14812"}],"wp:featuredmedia":[{"embeddable":true,"href":"https:\/\/www.workplaceoptions.com\/fr\/wp-json\/wp\/v2\/media\/3831"}],"wp:attachment":[{"href":"https:\/\/www.workplaceoptions.com\/fr\/wp-json\/wp\/v2\/media?parent=12762"}],"curies":[{"name":"wp","href":"https:\/\/api.w.org\/{rel}","templated":true}]}}