{"id":12776,"date":"2021-11-22T11:25:01","date_gmt":"2021-11-22T15:25:01","guid":{"rendered":"http:\/\/103.72.76.87\/fr\/medias\/evenements\/"},"modified":"2022-02-28T01:16:36","modified_gmt":"2022-02-28T05:16:36","slug":"evenements","status":"publish","type":"page","link":"https:\/\/www.workplaceoptions.com\/fr\/medias\/evenements\/","title":{"rendered":"\u00c9v\u00e9nements"},"content":{"rendered":"","protected":false},"excerpt":{"rendered":"","protected":false},"author":1,"featured_media":13697,"parent":12774,"menu_order":0,"comment_status":"closed","ping_status":"closed","template":"page_template\/template-events.php","meta":{"_acf_changed":false,"footnotes":""},"class_list":["post-12776","page","type-page","status-publish","has-post-thumbnail","hentry"],"acf":[],"yoast_head":"<!-- This site is optimized with the Yoast SEO Premium plugin v27.3 (Yoast SEO v27.3) - https:\/\/yoast.com\/product\/yoast-seo-premium-wordpress\/ -->\n<title>\u00c9v\u00e9nements - Workplace Options - France<\/title>\n<meta name=\"robots\" content=\"index, follow, max-snippet:-1, max-image-preview:large, max-video-preview:-1\" \/>\n<link rel=\"canonical\" href=\"https:\/\/www.workplaceoptions.com\/fr\/medias\/evenements\/\" \/>\n<meta property=\"og:locale\" content=\"fr_FR\" \/>\n<meta property=\"og:type\" content=\"article\" \/>\n<meta property=\"og:title\" content=\"\u00c9v\u00e9nements\" \/>\n<meta property=\"og:url\" content=\"https:\/\/www.workplaceoptions.com\/fr\/medias\/evenements\/\" \/>\n<meta property=\"og:site_name\" content=\"Workplace Options - France\" \/>\n<meta property=\"article:publisher\" content=\"https:\/\/www.facebook.com\/workplaceoptions\" \/>\n<meta property=\"article:modified_time\" content=\"2022-02-28T05:16:36+00:00\" \/>\n<meta property=\"og:image\" content=\"https:\/\/www.workplaceoptions.com\/fr\/wp-content\/uploads\/sites\/26\/2022\/02\/Events.jpg\" \/>\n\t<meta property=\"og:image:width\" content=\"800\" \/>\n\t<meta property=\"og:image:height\" content=\"500\" \/>\n\t<meta property=\"og:image:type\" content=\"image\/jpeg\" \/>\n<meta name=\"twitter:card\" content=\"summary_large_image\" \/>\n<meta name=\"twitter:site\" content=\"@WorkplaceOption\" \/>\n<script type=\"application\/ld+json\" class=\"yoast-schema-graph\">{\"@context\":\"https:\\\/\\\/schema.org\",\"@graph\":[{\"@type\":\"WebPage\",\"@id\":\"https:\\\/\\\/www.workplaceoptions.com\\\/fr\\\/medias\\\/evenements\\\/\",\"url\":\"https:\\\/\\\/www.workplaceoptions.com\\\/fr\\\/medias\\\/evenements\\\/\",\"name\":\"\u00c9v\u00e9nements - Workplace Options - France\",\"isPartOf\":{\"@id\":\"https:\\\/\\\/www.workplaceoptions.com\\\/fr\\\/#website\"},\"primaryImageOfPage\":{\"@id\":\"https:\\\/\\\/www.workplaceoptions.com\\\/fr\\\/medias\\\/evenements\\\/#primaryimage\"},\"image\":{\"@id\":\"https:\\\/\\\/www.workplaceoptions.com\\\/fr\\\/medias\\\/evenements\\\/#primaryimage\"},\"thumbnailUrl\":\"https:\\\/\\\/www.workplaceoptions.com\\\/fr\\\/wp-content\\\/uploads\\\/sites\\\/26\\\/2022\\\/02\\\/Events.jpg\",\"datePublished\":\"2021-11-22T15:25:01+00:00\",\"dateModified\":\"2022-02-28T05:16:36+00:00\",\"breadcrumb\":{\"@id\":\"https:\\\/\\\/www.workplaceoptions.com\\\/fr\\\/medias\\\/evenements\\\/#breadcrumb\"},\"inLanguage\":\"fr-FR\",\"potentialAction\":[{\"@type\":\"ReadAction\",\"target\":[\"https:\\\/\\\/www.workplaceoptions.com\\\/fr\\\/medias\\\/evenements\\\/\"]}]},{\"@type\":\"ImageObject\",\"inLanguage\":\"fr-FR\",\"@id\":\"https:\\\/\\\/www.workplaceoptions.com\\\/fr\\\/medias\\\/evenements\\\/#primaryimage\",\"url\":\"https:\\\/\\\/www.workplaceoptions.com\\\/fr\\\/wp-content\\\/uploads\\\/sites\\\/26\\\/2022\\\/02\\\/Events.jpg\",\"contentUrl\":\"https:\\\/\\\/www.workplaceoptions.com\\\/fr\\\/wp-content\\\/uploads\\\/sites\\\/26\\\/2022\\\/02\\\/Events.jpg\",\"width\":800,\"height\":500},{\"@type\":\"BreadcrumbList\",\"@id\":\"https:\\\/\\\/www.workplaceoptions.com\\\/fr\\\/medias\\\/evenements\\\/#breadcrumb\",\"itemListElement\":[{\"@type\":\"ListItem\",\"position\":1,\"name\":\"Home\",\"item\":\"https:\\\/\\\/www.workplaceoptions.com\\\/fr\\\/\"},{\"@type\":\"ListItem\",\"position\":2,\"name\":\"M\u00e9dias\",\"item\":\"https:\\\/\\\/www.workplaceoptions.com\\\/fr\\\/medias\\\/\"},{\"@type\":\"ListItem\",\"position\":3,\"name\":\"\u00c9v\u00e9nements\"}]},{\"@type\":\"WebSite\",\"@id\":\"https:\\\/\\\/www.workplaceoptions.com\\\/fr\\\/#website\",\"url\":\"https:\\\/\\\/www.workplaceoptions.com\\\/fr\\\/\",\"name\":\"Workplace Options - France\",\"description\":\"Nous offrons un soutien complet en mati\u00e8re de bien-\u00eatre \u00e0 votre organisation\",\"publisher\":{\"@id\":\"https:\\\/\\\/www.workplaceoptions.com\\\/fr\\\/#organization\"},\"potentialAction\":[{\"@type\":\"SearchAction\",\"target\":{\"@type\":\"EntryPoint\",\"urlTemplate\":\"https:\\\/\\\/www.workplaceoptions.com\\\/fr\\\/?s={search_term_string}\"},\"query-input\":{\"@type\":\"PropertyValueSpecification\",\"valueRequired\":true,\"valueName\":\"search_term_string\"}}],\"inLanguage\":\"fr-FR\"},{\"@type\":[\"Organization\",\"Place\"],\"@id\":\"https:\\\/\\\/www.workplaceoptions.com\\\/fr\\\/#organization\",\"name\":\"Workplace Options - France\",\"url\":\"https:\\\/\\\/www.workplaceoptions.com\\\/fr\\\/\",\"logo\":{\"@id\":\"https:\\\/\\\/www.workplaceoptions.com\\\/fr\\\/medias\\\/evenements\\\/#local-main-organization-logo\"},\"image\":{\"@id\":\"https:\\\/\\\/www.workplaceoptions.com\\\/fr\\\/medias\\\/evenements\\\/#local-main-organization-logo\"},\"sameAs\":[\"https:\\\/\\\/www.facebook.com\\\/workplaceoptions\",\"https:\\\/\\\/x.com\\\/WorkplaceOption\",\"https:\\\/\\\/www.linkedin.com\\\/company\\\/workplace-options\\\/\"],\"telephone\":[],\"openingHoursSpecification\":[{\"@type\":\"OpeningHoursSpecification\",\"dayOfWeek\":[\"Monday\",\"Tuesday\",\"Wednesday\",\"Thursday\",\"Friday\",\"Saturday\",\"Sunday\"],\"opens\":\"09:00\",\"closes\":\"17:00\"}]},{\"@type\":\"ImageObject\",\"inLanguage\":\"fr-FR\",\"@id\":\"https:\\\/\\\/www.workplaceoptions.com\\\/fr\\\/medias\\\/evenements\\\/#local-main-organization-logo\",\"url\":\"https:\\\/\\\/www.workplaceoptions.com\\\/fr\\\/wp-content\\\/uploads\\\/sites\\\/26\\\/2022\\\/01\\\/WPO-logo-1.svg\",\"contentUrl\":\"https:\\\/\\\/www.workplaceoptions.com\\\/fr\\\/wp-content\\\/uploads\\\/sites\\\/26\\\/2022\\\/01\\\/WPO-logo-1.svg\",\"width\":301,\"height\":79,\"caption\":\"Workplace Options - France\"}]}<\/script>\n<!-- \/ Yoast SEO Premium plugin. -->","yoast_head_json":{"title":"\u00c9v\u00e9nements - Workplace Options - France","robots":{"index":"index","follow":"follow","max-snippet":"max-snippet:-1","max-image-preview":"max-image-preview:large","max-video-preview":"max-video-preview:-1"},"canonical":"https:\/\/www.workplaceoptions.com\/fr\/medias\/evenements\/","og_locale":"fr_FR","og_type":"article","og_title":"\u00c9v\u00e9nements","og_url":"https:\/\/www.workplaceoptions.com\/fr\/medias\/evenements\/","og_site_name":"Workplace Options - France","article_publisher":"https:\/\/www.facebook.com\/workplaceoptions","article_modified_time":"2022-02-28T05:16:36+00:00","og_image":[{"width":800,"height":500,"url":"https:\/\/www.workplaceoptions.com\/fr\/wp-content\/uploads\/sites\/26\/2022\/02\/Events.jpg","type":"image\/jpeg"}],"twitter_card":"summary_large_image","twitter_site":"@WorkplaceOption","schema":{"@context":"https:\/\/schema.org","@graph":[{"@type":"WebPage","@id":"https:\/\/www.workplaceoptions.com\/fr\/medias\/evenements\/","url":"https:\/\/www.workplaceoptions.com\/fr\/medias\/evenements\/","name":"\u00c9v\u00e9nements - Workplace Options - France","isPartOf":{"@id":"https:\/\/www.workplaceoptions.com\/fr\/#website"},"primaryImageOfPage":{"@id":"https:\/\/www.workplaceoptions.com\/fr\/medias\/evenements\/#primaryimage"},"image":{"@id":"https:\/\/www.workplaceoptions.com\/fr\/medias\/evenements\/#primaryimage"},"thumbnailUrl":"https:\/\/www.workplaceoptions.com\/fr\/wp-content\/uploads\/sites\/26\/2022\/02\/Events.jpg","datePublished":"2021-11-22T15:25:01+00:00","dateModified":"2022-02-28T05:16:36+00:00","breadcrumb":{"@id":"https:\/\/www.workplaceoptions.com\/fr\/medias\/evenements\/#breadcrumb"},"inLanguage":"fr-FR","potentialAction":[{"@type":"ReadAction","target":["https:\/\/www.workplaceoptions.com\/fr\/medias\/evenements\/"]}]},{"@type":"ImageObject","inLanguage":"fr-FR","@id":"https:\/\/www.workplaceoptions.com\/fr\/medias\/evenements\/#primaryimage","url":"https:\/\/www.workplaceoptions.com\/fr\/wp-content\/uploads\/sites\/26\/2022\/02\/Events.jpg","contentUrl":"https:\/\/www.workplaceoptions.com\/fr\/wp-content\/uploads\/sites\/26\/2022\/02\/Events.jpg","width":800,"height":500},{"@type":"BreadcrumbList","@id":"https:\/\/www.workplaceoptions.com\/fr\/medias\/evenements\/#breadcrumb","itemListElement":[{"@type":"ListItem","position":1,"name":"Home","item":"https:\/\/www.workplaceoptions.com\/fr\/"},{"@type":"ListItem","position":2,"name":"M\u00e9dias","item":"https:\/\/www.workplaceoptions.com\/fr\/medias\/"},{"@type":"ListItem","position":3,"name":"\u00c9v\u00e9nements"}]},{"@type":"WebSite","@id":"https:\/\/www.workplaceoptions.com\/fr\/#website","url":"https:\/\/www.workplaceoptions.com\/fr\/","name":"Workplace Options - France","description":"Nous offrons un soutien complet en mati\u00e8re de bien-\u00eatre \u00e0 votre organisation","publisher":{"@id":"https:\/\/www.workplaceoptions.com\/fr\/#organization"},"potentialAction":[{"@type":"SearchAction","target":{"@type":"EntryPoint","urlTemplate":"https:\/\/www.workplaceoptions.com\/fr\/?s={search_term_string}"},"query-input":{"@type":"PropertyValueSpecification","valueRequired":true,"valueName":"search_term_string"}}],"inLanguage":"fr-FR"},{"@type":["Organization","Place"],"@id":"https:\/\/www.workplaceoptions.com\/fr\/#organization","name":"Workplace Options - France","url":"https:\/\/www.workplaceoptions.com\/fr\/","logo":{"@id":"https:\/\/www.workplaceoptions.com\/fr\/medias\/evenements\/#local-main-organization-logo"},"image":{"@id":"https:\/\/www.workplaceoptions.com\/fr\/medias\/evenements\/#local-main-organization-logo"},"sameAs":["https:\/\/www.facebook.com\/workplaceoptions","https:\/\/x.com\/WorkplaceOption","https:\/\/www.linkedin.com\/company\/workplace-options\/"],"telephone":[],"openingHoursSpecification":[{"@type":"OpeningHoursSpecification","dayOfWeek":["Monday","Tuesday","Wednesday","Thursday","Friday","Saturday","Sunday"],"opens":"09:00","closes":"17:00"}]},{"@type":"ImageObject","inLanguage":"fr-FR","@id":"https:\/\/www.workplaceoptions.com\/fr\/medias\/evenements\/#local-main-organization-logo","url":"https:\/\/www.workplaceoptions.com\/fr\/wp-content\/uploads\/sites\/26\/2022\/01\/WPO-logo-1.svg","contentUrl":"https:\/\/www.workplaceoptions.com\/fr\/wp-content\/uploads\/sites\/26\/2022\/01\/WPO-logo-1.svg","width":301,"height":79,"caption":"Workplace Options - France"}]}},"_links":{"self":[{"href":"https:\/\/www.workplaceoptions.com\/fr\/wp-json\/wp\/v2\/pages\/12776","targetHints":{"allow":["GET"]}}],"collection":[{"href":"https:\/\/www.workplaceoptions.com\/fr\/wp-json\/wp\/v2\/pages"}],"about":[{"href":"https:\/\/www.workplaceoptions.com\/fr\/wp-json\/wp\/v2\/types\/page"}],"author":[{"embeddable":true,"href":"https:\/\/www.workplaceoptions.com\/fr\/wp-json\/wp\/v2\/users\/1"}],"replies":[{"embeddable":true,"href":"https:\/\/www.workplaceoptions.com\/fr\/wp-json\/wp\/v2\/comments?post=12776"}],"version-history":[{"count":1,"href":"https:\/\/www.workplaceoptions.com\/fr\/wp-json\/wp\/v2\/pages\/12776\/revisions"}],"predecessor-version":[{"id":12778,"href":"https:\/\/www.workplaceoptions.com\/fr\/wp-json\/wp\/v2\/pages\/12776\/revisions\/12778"}],"up":[{"embeddable":true,"href":"https:\/\/www.workplaceoptions.com\/fr\/wp-json\/wp\/v2\/pages\/12774"}],"wp:featuredmedia":[{"embeddable":true,"href":"https:\/\/www.workplaceoptions.com\/fr\/wp-json\/wp\/v2\/media\/13697"}],"wp:attachment":[{"href":"https:\/\/www.workplaceoptions.com\/fr\/wp-json\/wp\/v2\/media?parent=12776"}],"curies":[{"name":"wp","href":"https:\/\/api.w.org\/{rel}","templated":true}]}}