{"id":13257,"date":"2021-11-19T11:21:57","date_gmt":"2021-11-19T15:21:57","guid":{"rendered":"https:\/\/www.workplaceoptions.com\/pt\/termos-de-utilizacao\/"},"modified":"2022-05-05T10:10:02","modified_gmt":"2022-05-05T14:10:02","slug":"termos-de-utilizacao","status":"publish","type":"page","link":"https:\/\/www.workplaceoptions.com\/pt\/termos-de-utilizacao\/","title":{"rendered":"Termos de Utiliza\u00e7\u00e3o"},"content":{"rendered":"<div class=\"terms_of_use_Pg_heading_top\">\n<div class=\"terms_of_use_Pg_heading_ull\">\n<h3>1. Propriedade do Website<\/h3>\n<p>Este website e as suas aplica\u00e7\u00f5es s\u00e3o propriedade das Op\u00e7\u00f5es de Trabalho, LLC e suas afiliadas (&#8220;WPO&#8221;). Qualquer uso n\u00e3o autorizado e\/ou malicioso do website \u00e9 proibido e os infratores podem ser processados em toda a extens\u00e3o da lei aplic\u00e1vel. A WPO, incluindo, sem limita\u00e7\u00e3o, os seus administradores, gestores, funcion\u00e1rios e agentes n\u00e3o \u00e9 respons\u00e1vel:<\/p>\n<ul>\n<li>&#8211; investigar a exatid\u00e3o de quaisquer declara\u00e7\u00f5es feitas por qualquer prestador de servi\u00e7os ou qualquer outra entidade que publique materiais neste website<\/li>\n<li>&#8211; para os pareceres, pontos de vista, estimativas, avalia\u00e7\u00f5es, progn\u00f3sticos ou recomenda\u00e7\u00f5es de qualquer prestador de servi\u00e7os ou de qualquer outra entidade que publique materiais neste website<\/li>\n<li>&#8211; para quaisquer perdas ou danos decorrentes da utiliza\u00e7\u00e3o, ou da incapacidade de utiliza\u00e7\u00e3o, deste website ou de qualquer outro website<\/li>\n<\/ul>\n<h3>2. Utilizar este website<\/h3>\n<p>As informa\u00e7\u00f5es e materiais apresentados neste website s\u00e3o fornecidos &#8220;como est\u00e1&#8221; sem quaisquer garantias expressas ou impl\u00edcitas de qualquer tipo, incluindo garantias sem limita\u00e7\u00e3o para a aptid\u00e3o para fins espec\u00edficos, a merceabilidade, a precis\u00e3o, a oportunidade, o desempenho, a completude e a n\u00e3o-infrac\u00e7\u00e3o. As informa\u00e7\u00f5es e materiais publicados neste website n\u00e3o constituem, nem substituem qualquer aconselhamento m\u00e9dico, jur\u00eddico ou qualquer outro conselho profissional. Concorda que:<\/p>\n<ul>\n<li>&#8211; \u00e9 o \u00fanico respons\u00e1vel pela sele\u00e7\u00e3o de um prestador de servi\u00e7os, bem como pela revis\u00e3o das suas qualifica\u00e7\u00f5es;<\/li>\n<li>&#8211; a avalia\u00e7\u00e3o da praticidade de qualquer aconselhamento, assist\u00eancia ou instru\u00e7\u00f5es oferecidas por qualquer prestador de servi\u00e7os recai plenamente sobre si;<\/li>\n<li>&#8211; qualquer decis\u00e3o de utiliza\u00e7\u00e3o de tais conselhos, assist\u00eancia ou instru\u00e7\u00e3o est\u00e1 inteiramente do seu a cargo.<\/li>\n<\/ul>\n<h3>3. Propriedade Intelectual<\/h3>\n<p>Todos os nomes de produtos, direitos de autor, log\u00f3tipos, marcas de servi\u00e7o, desenhos, layouts e gr\u00e1ficos apresentados neste website que sejam identificados de qualquer forma ou que apare\u00e7am em forma de tipo diferente do texto circundante (coletivamente, as &#8220;Marcas Registadas&#8221;) s\u00e3o Marcas Comerciais detidas pela WPO, salvo identifica\u00e7\u00e3o em contr\u00e1rio de outra entidade. Nada contido neste Acordo ser\u00e1 interpretado como conferido por implica\u00e7\u00e3o, estoppel, ou de outra forma, qualquer licen\u00e7a ou direito, expresso ou impl\u00edcito, sob qualquer marca registada da WPO ou de qualquer terceiro. Nenhuma utiliza\u00e7\u00e3o de qualquer Marca registada pode ser feita sem a autoriza\u00e7\u00e3o pr\u00e9via por escrito da WPO.<\/p>\n<h3>4. Assun\u00e7\u00e3o de Risco<\/h3>\n<p class=\"upcs\">Na m\u00e1xima extens\u00e3o permitida por lei, voc\u00ea assume total responsabilidade e assume todos os riscos decorrentes da utiliza\u00e7\u00e3o deste website, da internet em geral ou dos servi\u00e7os fornecidos por este site, incluindo quaisquer riscos associados \u00e0 disponibilidade do site, precis\u00e3o da informa\u00e7\u00e3o, uso, recolha, transfer\u00eancia, divulga\u00e7\u00e3o e\/ou qualquer corrup\u00e7\u00e3o do seu sistema inform\u00e1tico. as tradu\u00e7\u00f5es instant\u00e2neas de mensagens s\u00e3o realizadas por um servi\u00e7o de tradu\u00e7\u00e3o automatizado de terceiros. assumiu plena responsabilidade pela exatid\u00e3o ou validade de tais informa\u00e7\u00f5es de tradu\u00e7\u00e3o. para evitar d\u00favidas, a WPO declina qualquer responsabilidade por qualquer perda incorrida em consequ\u00eancia de qualquer m\u00e1 tradu\u00e7\u00e3o ou mal-entendido de qualquer tradu\u00e7\u00e3o ou de qualquer tradu\u00e7\u00e3o. o utilizador reconhece e concorda que, em nenhum caso, o propriet\u00e1rio deste website, das suas filiais ou subsidi\u00e1rias, e\/ou dos respetivos administradores, funcion\u00e1rios, agentes, representantes, fornecedores de informa\u00e7\u00e3o e licenciantes e\/ou respetivos herdeiros e a\u00e7\u00f5es, ser\u00e3o respons\u00e1veis por quaisquer danos de qualquer tipo ou natureza, incluindo, mas n\u00e3o se limitando a, direto, indireto, incidental,  os seguintes danos, exemplares, exemplares, especiais (incluindo perdas de lucro), punitivos ou outros danos decorrentes ou relacionados com a exist\u00eancia ou utiliza\u00e7\u00e3o deste website ou os servi\u00e7os prestados por este website, independentemente de a WPO ou qualquer outra entidade ou pessoas acima enumeradas ter sido avisada sobre a possibilidade de tais danos.<\/p>\n<p>Al\u00e9m disso, concorda em indemnizar e responsabilizar inofensivamente os propriet\u00e1rios deste website, os seus agentes, as suas atribui\u00e7\u00f5es, agentes, funcion\u00e1rios, oficiais, administradores ou fornecedores e seus funcion\u00e1rios, bem como quaisquer subsidi\u00e1rias de quaisquer honor\u00e1rios, reclama\u00e7\u00f5es, indemniza\u00e7\u00f5es, danos, lit\u00edgios, causas de a\u00e7\u00e3o, danos e despesas, incluindo honor\u00e1rios razo\u00e1veis de advogados e custas judiciais, que possam decorrer da sua utiliza\u00e7\u00e3o direta ou indireta deste website,  suas funcionalidades, informa\u00e7\u00f5es, materiais e conte\u00fados, ou outros servi\u00e7os deste website ou quaisquer outros servi\u00e7os da WPO.<\/p>\n<h3>5. Publica\u00e7\u00e3o no Site<\/h3>\n<p>Voc\u00ea concorda que voc\u00ea n\u00e3o vai publicar neste site qualquer material que seja falso, difamat\u00f3rio, impreciso, abusivo, vulgar, odioso, ass\u00e9dio, obsceno, profano, sexualmente orientado, amea\u00e7ador, invasivo da privacidade de uma pessoa, ou material adulto, em viola\u00e7\u00e3o de qualquer lei americana ou aplic\u00e1vel. N\u00e3o publicar\u00e1 nenhum material com direitos de autor a menos que possua os direitos de autor ou tenha o consentimento por escrito do propriet\u00e1rio do material com direitos de autor para publicar qualquer material desse tipo. Tamb\u00e9m s\u00e3o proibidos spam, inunda\u00e7\u00f5es, an\u00fancios, correntes de cartas, esquemas de pir\u00e2mide e solicita\u00e7\u00f5es.<\/p>\n<h3>6. A sua conta<\/h3>\n<p>Tem a capacidade de escolher o seu nome de utilizador e senha. Concorda com a sua prote\u00e7\u00e3o e por raz\u00f5es de seguran\u00e7a para nunca dar o seu nome de utilizador e palavra-passe a outra pessoa, exceto ao administrador do seu programa. Para evitar o roubo de conta deve utilizar uma senha complexa e \u00fanica para a sua conta. Se desejar remover permanentemente a sua conta, as informa\u00e7\u00f5es do seu perfil e\/ou quaisquer outros registos ou dados deste website, contacte o administrador do seu programa.<\/p>\n<h3>7. Disponibilidade de Servi\u00e7os<\/h3>\n<p>Este site pode fornecer informa\u00e7\u00f5es sobre produtos ou servi\u00e7os que podem n\u00e3o estar dispon\u00edveis em todos os pa\u00edses. As marcas comerciais utilizadas para determinados produtos ou servi\u00e7os podem diferir em pa\u00edses espec\u00edficos. Em certos pa\u00edses, alguns dos produtos ou servi\u00e7os mencionados neste website podem ser aprovados ou apurados pelas autoridades reguladoras com diferentes utiliza\u00e7\u00f5es e restri\u00e7\u00f5es.<\/p>\n<h3>8. Aviso de privacidade.O que \u00e9 a prote\u00e7\u00e3o da informa\u00e7\u00e3o?<\/h3>\n<p>A WPO est\u00e1 empenhada na prote\u00e7\u00e3o de todas as informa\u00e7\u00f5es pessoais e privadas de acordo com todas e quaisquer leis, regulamentos e normas aplic\u00e1veis, incluindo, sem limita\u00e7\u00e3o, quaisquer normas estabelecidas nos Estados Unidos ao abrigo da Lei de Portabilidade e Responsabiliza\u00e7\u00e3o dos Seguros de Sa\u00fade e no Reino Unido ao abrigo da Lei de Prote\u00e7\u00e3o de Dados de 1998. Em caso de utiliza\u00e7\u00e3o deste website na Uni\u00e3o Europeia, o WPO est\u00e1 sujeito ao Quadro de Prote\u00e7\u00e3o de Privacidade, ao Regulamento Geral de Prote\u00e7\u00e3o de Dados (Regulamento (UE) 2016\/679), a partir de 25 de maio de 2018 e a qualquer legisla\u00e7\u00e3o nacional que implemente o anterior.<\/p>\n<\/div>\n<p>Para mais informa\u00e7\u00f5es sobre como tratamos os seus dados pessoais consulte a nossa pol\u00edtica de privacidade (https:\/\/www.workplaceoptions.com\/privacy-policy).<\/p>\n<p>A WPO mant\u00e9m as garantias administrativas, t\u00e9cnicas e f\u00edsicas adequadas destinadas a proteger as suas informa\u00e7\u00f5es pessoais de acordo com a legisla\u00e7\u00e3o aplic\u00e1vel. A WPO utiliza encripta\u00e7\u00e3o padr\u00e3o da ind\u00fastria neste website. Infelizmente, a transmiss\u00e3o de informa\u00e7\u00e3o atrav\u00e9s da Internet n\u00e3o \u00e9 totalmente segura. Embora a WPO fa\u00e7a o seu melhor para proteger os seus dados pessoais, a WPO n\u00e3o pode garantir a seguran\u00e7a dos seus dados transmitidos a este website; qualquer transmiss\u00e3o \u00e9 por sua conta e risco.<\/p>\n<p>A WPO n\u00e3o avaliar\u00e1 nenhum computador, tablet ou outro dispositivo m\u00f3vel que possa utilizar para aceder aos servi\u00e7os da WPO para o tratamento seguro das suas informa\u00e7\u00f5es pessoais. A WPO declina qualquer responsabilidade por qualquer perda resultante de quaisquer falhas de seguran\u00e7a e prote\u00e7\u00e3o de dados origin\u00e1rias de dispositivos eletr\u00f3nicos pr\u00f3prios.<\/p>\n<\/div>\n","protected":false},"excerpt":{"rendered":"<p>1. Propriedade do Website Este website e as suas aplica\u00e7\u00f5es..<\/p>\n","protected":false},"author":1,"featured_media":14559,"parent":0,"menu_order":0,"comment_status":"closed","ping_status":"closed","template":"page_template\/template-termsofservice.php","meta":{"_acf_changed":false,"footnotes":""},"class_list":["post-13257","page","type-page","status-publish","has-post-thumbnail","hentry"],"acf":[],"yoast_head":"<!-- This site is optimized with the Yoast SEO Premium plugin v27.3 (Yoast SEO v27.3) - https:\/\/yoast.com\/product\/yoast-seo-premium-wordpress\/ -->\n<title>Termos de Utiliza\u00e7\u00e3o - Workplace Options - Portugal<\/title>\n<meta name=\"robots\" content=\"index, follow, max-snippet:-1, max-image-preview:large, max-video-preview:-1\" \/>\n<link rel=\"canonical\" href=\"https:\/\/www.workplaceoptions.com\/pt\/termos-de-utilizacao\/\" \/>\n<meta property=\"og:locale\" content=\"pt_PT\" \/>\n<meta property=\"og:type\" content=\"article\" \/>\n<meta property=\"og:title\" content=\"Termos de Utiliza\u00e7\u00e3o\" \/>\n<meta property=\"og:description\" content=\"1. Propriedade do Website Este website e as suas aplica\u00e7\u00f5es..\" \/>\n<meta property=\"og:url\" content=\"https:\/\/www.workplaceoptions.com\/pt\/termos-de-utilizacao\/\" \/>\n<meta property=\"og:site_name\" content=\"Workplace Options - Portugal\" \/>\n<meta property=\"article:publisher\" content=\"https:\/\/www.facebook.com\/workplaceoptions\" \/>\n<meta property=\"article:modified_time\" content=\"2022-05-05T14:10:02+00:00\" \/>\n<meta property=\"og:image\" content=\"https:\/\/www.workplaceoptions.com\/pt\/wp-content\/uploads\/sites\/22\/2022\/05\/41.jpg\" \/>\n\t<meta property=\"og:image:width\" content=\"200\" \/>\n\t<meta property=\"og:image:height\" content=\"200\" \/>\n\t<meta property=\"og:image:type\" content=\"image\/jpeg\" \/>\n<meta name=\"twitter:card\" content=\"summary_large_image\" \/>\n<meta name=\"twitter:site\" content=\"@WorkplaceOption\" \/>\n<meta name=\"twitter:label1\" content=\"Tempo estimado de leitura\" \/>\n\t<meta name=\"twitter:data1\" content=\"7 minutos\" \/>\n<script type=\"application\/ld+json\" class=\"yoast-schema-graph\">{\"@context\":\"https:\\\/\\\/schema.org\",\"@graph\":[{\"@type\":\"WebPage\",\"@id\":\"https:\\\/\\\/www.workplaceoptions.com\\\/pt\\\/termos-de-utilizacao\\\/\",\"url\":\"https:\\\/\\\/www.workplaceoptions.com\\\/pt\\\/termos-de-utilizacao\\\/\",\"name\":\"Termos de Utiliza\u00e7\u00e3o - Workplace Options - Portugal\",\"isPartOf\":{\"@id\":\"https:\\\/\\\/www.workplaceoptions.com\\\/pt\\\/#website\"},\"primaryImageOfPage\":{\"@id\":\"https:\\\/\\\/www.workplaceoptions.com\\\/pt\\\/termos-de-utilizacao\\\/#primaryimage\"},\"image\":{\"@id\":\"https:\\\/\\\/www.workplaceoptions.com\\\/pt\\\/termos-de-utilizacao\\\/#primaryimage\"},\"thumbnailUrl\":\"https:\\\/\\\/www.workplaceoptions.com\\\/pt\\\/wp-content\\\/uploads\\\/sites\\\/22\\\/2022\\\/05\\\/41.jpg\",\"datePublished\":\"2021-11-19T15:21:57+00:00\",\"dateModified\":\"2022-05-05T14:10:02+00:00\",\"breadcrumb\":{\"@id\":\"https:\\\/\\\/www.workplaceoptions.com\\\/pt\\\/termos-de-utilizacao\\\/#breadcrumb\"},\"inLanguage\":\"pt-PT\",\"potentialAction\":[{\"@type\":\"ReadAction\",\"target\":[\"https:\\\/\\\/www.workplaceoptions.com\\\/pt\\\/termos-de-utilizacao\\\/\"]}]},{\"@type\":\"ImageObject\",\"inLanguage\":\"pt-PT\",\"@id\":\"https:\\\/\\\/www.workplaceoptions.com\\\/pt\\\/termos-de-utilizacao\\\/#primaryimage\",\"url\":\"https:\\\/\\\/www.workplaceoptions.com\\\/pt\\\/wp-content\\\/uploads\\\/sites\\\/22\\\/2022\\\/05\\\/41.jpg\",\"contentUrl\":\"https:\\\/\\\/www.workplaceoptions.com\\\/pt\\\/wp-content\\\/uploads\\\/sites\\\/22\\\/2022\\\/05\\\/41.jpg\",\"width\":200,\"height\":200},{\"@type\":\"BreadcrumbList\",\"@id\":\"https:\\\/\\\/www.workplaceoptions.com\\\/pt\\\/termos-de-utilizacao\\\/#breadcrumb\",\"itemListElement\":[{\"@type\":\"ListItem\",\"position\":1,\"name\":\"Home\",\"item\":\"https:\\\/\\\/www.workplaceoptions.com\\\/pt\\\/\"},{\"@type\":\"ListItem\",\"position\":2,\"name\":\"Termos de Utiliza\u00e7\u00e3o\"}]},{\"@type\":\"WebSite\",\"@id\":\"https:\\\/\\\/www.workplaceoptions.com\\\/pt\\\/#website\",\"url\":\"https:\\\/\\\/www.workplaceoptions.com\\\/pt\\\/\",\"name\":\"Workplace Options - Portugal\",\"description\":\"Oferecemos um apoio abrangente de bem-estar para a sua organiza\u00e7\u00e3o\",\"publisher\":{\"@id\":\"https:\\\/\\\/www.workplaceoptions.com\\\/pt\\\/#organization\"},\"potentialAction\":[{\"@type\":\"SearchAction\",\"target\":{\"@type\":\"EntryPoint\",\"urlTemplate\":\"https:\\\/\\\/www.workplaceoptions.com\\\/pt\\\/?s={search_term_string}\"},\"query-input\":{\"@type\":\"PropertyValueSpecification\",\"valueRequired\":true,\"valueName\":\"search_term_string\"}}],\"inLanguage\":\"pt-PT\"},{\"@type\":[\"Organization\",\"Place\"],\"@id\":\"https:\\\/\\\/www.workplaceoptions.com\\\/pt\\\/#organization\",\"name\":\"Workplace Options - Portugal\",\"url\":\"https:\\\/\\\/www.workplaceoptions.com\\\/pt\\\/\",\"logo\":{\"@id\":\"https:\\\/\\\/www.workplaceoptions.com\\\/pt\\\/termos-de-utilizacao\\\/#local-main-organization-logo\"},\"image\":{\"@id\":\"https:\\\/\\\/www.workplaceoptions.com\\\/pt\\\/termos-de-utilizacao\\\/#local-main-organization-logo\"},\"sameAs\":[\"https:\\\/\\\/www.facebook.com\\\/workplaceoptions\",\"https:\\\/\\\/x.com\\\/WorkplaceOption\",\"https:\\\/\\\/www.linkedin.com\\\/company\\\/workplace-options\\\/\"],\"telephone\":[],\"openingHoursSpecification\":[{\"@type\":\"OpeningHoursSpecification\",\"dayOfWeek\":[\"Monday\",\"Tuesday\",\"Wednesday\",\"Thursday\",\"Friday\",\"Saturday\",\"Sunday\"],\"opens\":\"09:00\",\"closes\":\"17:00\"}]},{\"@type\":\"ImageObject\",\"inLanguage\":\"pt-PT\",\"@id\":\"https:\\\/\\\/www.workplaceoptions.com\\\/pt\\\/termos-de-utilizacao\\\/#local-main-organization-logo\",\"url\":\"https:\\\/\\\/www.workplaceoptions.com\\\/pt\\\/wp-content\\\/uploads\\\/sites\\\/22\\\/2022\\\/01\\\/WPO-logo-1.svg\",\"contentUrl\":\"https:\\\/\\\/www.workplaceoptions.com\\\/pt\\\/wp-content\\\/uploads\\\/sites\\\/22\\\/2022\\\/01\\\/WPO-logo-1.svg\",\"width\":301,\"height\":79,\"caption\":\"Workplace Options - Portugal\"}]}<\/script>\n<!-- \/ Yoast SEO Premium plugin. -->","yoast_head_json":{"title":"Termos de Utiliza\u00e7\u00e3o - Workplace Options - Portugal","robots":{"index":"index","follow":"follow","max-snippet":"max-snippet:-1","max-image-preview":"max-image-preview:large","max-video-preview":"max-video-preview:-1"},"canonical":"https:\/\/www.workplaceoptions.com\/pt\/termos-de-utilizacao\/","og_locale":"pt_PT","og_type":"article","og_title":"Termos de Utiliza\u00e7\u00e3o","og_description":"1. Propriedade do Website Este website e as suas aplica\u00e7\u00f5es..","og_url":"https:\/\/www.workplaceoptions.com\/pt\/termos-de-utilizacao\/","og_site_name":"Workplace Options - Portugal","article_publisher":"https:\/\/www.facebook.com\/workplaceoptions","article_modified_time":"2022-05-05T14:10:02+00:00","og_image":[{"width":200,"height":200,"url":"https:\/\/www.workplaceoptions.com\/pt\/wp-content\/uploads\/sites\/22\/2022\/05\/41.jpg","type":"image\/jpeg"}],"twitter_card":"summary_large_image","twitter_site":"@WorkplaceOption","twitter_misc":{"Tempo estimado de leitura":"7 minutos"},"schema":{"@context":"https:\/\/schema.org","@graph":[{"@type":"WebPage","@id":"https:\/\/www.workplaceoptions.com\/pt\/termos-de-utilizacao\/","url":"https:\/\/www.workplaceoptions.com\/pt\/termos-de-utilizacao\/","name":"Termos de Utiliza\u00e7\u00e3o - Workplace Options - Portugal","isPartOf":{"@id":"https:\/\/www.workplaceoptions.com\/pt\/#website"},"primaryImageOfPage":{"@id":"https:\/\/www.workplaceoptions.com\/pt\/termos-de-utilizacao\/#primaryimage"},"image":{"@id":"https:\/\/www.workplaceoptions.com\/pt\/termos-de-utilizacao\/#primaryimage"},"thumbnailUrl":"https:\/\/www.workplaceoptions.com\/pt\/wp-content\/uploads\/sites\/22\/2022\/05\/41.jpg","datePublished":"2021-11-19T15:21:57+00:00","dateModified":"2022-05-05T14:10:02+00:00","breadcrumb":{"@id":"https:\/\/www.workplaceoptions.com\/pt\/termos-de-utilizacao\/#breadcrumb"},"inLanguage":"pt-PT","potentialAction":[{"@type":"ReadAction","target":["https:\/\/www.workplaceoptions.com\/pt\/termos-de-utilizacao\/"]}]},{"@type":"ImageObject","inLanguage":"pt-PT","@id":"https:\/\/www.workplaceoptions.com\/pt\/termos-de-utilizacao\/#primaryimage","url":"https:\/\/www.workplaceoptions.com\/pt\/wp-content\/uploads\/sites\/22\/2022\/05\/41.jpg","contentUrl":"https:\/\/www.workplaceoptions.com\/pt\/wp-content\/uploads\/sites\/22\/2022\/05\/41.jpg","width":200,"height":200},{"@type":"BreadcrumbList","@id":"https:\/\/www.workplaceoptions.com\/pt\/termos-de-utilizacao\/#breadcrumb","itemListElement":[{"@type":"ListItem","position":1,"name":"Home","item":"https:\/\/www.workplaceoptions.com\/pt\/"},{"@type":"ListItem","position":2,"name":"Termos de Utiliza\u00e7\u00e3o"}]},{"@type":"WebSite","@id":"https:\/\/www.workplaceoptions.com\/pt\/#website","url":"https:\/\/www.workplaceoptions.com\/pt\/","name":"Workplace Options - Portugal","description":"Oferecemos um apoio abrangente de bem-estar para a sua organiza\u00e7\u00e3o","publisher":{"@id":"https:\/\/www.workplaceoptions.com\/pt\/#organization"},"potentialAction":[{"@type":"SearchAction","target":{"@type":"EntryPoint","urlTemplate":"https:\/\/www.workplaceoptions.com\/pt\/?s={search_term_string}"},"query-input":{"@type":"PropertyValueSpecification","valueRequired":true,"valueName":"search_term_string"}}],"inLanguage":"pt-PT"},{"@type":["Organization","Place"],"@id":"https:\/\/www.workplaceoptions.com\/pt\/#organization","name":"Workplace Options - Portugal","url":"https:\/\/www.workplaceoptions.com\/pt\/","logo":{"@id":"https:\/\/www.workplaceoptions.com\/pt\/termos-de-utilizacao\/#local-main-organization-logo"},"image":{"@id":"https:\/\/www.workplaceoptions.com\/pt\/termos-de-utilizacao\/#local-main-organization-logo"},"sameAs":["https:\/\/www.facebook.com\/workplaceoptions","https:\/\/x.com\/WorkplaceOption","https:\/\/www.linkedin.com\/company\/workplace-options\/"],"telephone":[],"openingHoursSpecification":[{"@type":"OpeningHoursSpecification","dayOfWeek":["Monday","Tuesday","Wednesday","Thursday","Friday","Saturday","Sunday"],"opens":"09:00","closes":"17:00"}]},{"@type":"ImageObject","inLanguage":"pt-PT","@id":"https:\/\/www.workplaceoptions.com\/pt\/termos-de-utilizacao\/#local-main-organization-logo","url":"https:\/\/www.workplaceoptions.com\/pt\/wp-content\/uploads\/sites\/22\/2022\/01\/WPO-logo-1.svg","contentUrl":"https:\/\/www.workplaceoptions.com\/pt\/wp-content\/uploads\/sites\/22\/2022\/01\/WPO-logo-1.svg","width":301,"height":79,"caption":"Workplace Options - Portugal"}]}},"_links":{"self":[{"href":"https:\/\/www.workplaceoptions.com\/pt\/wp-json\/wp\/v2\/pages\/13257","targetHints":{"allow":["GET"]}}],"collection":[{"href":"https:\/\/www.workplaceoptions.com\/pt\/wp-json\/wp\/v2\/pages"}],"about":[{"href":"https:\/\/www.workplaceoptions.com\/pt\/wp-json\/wp\/v2\/types\/page"}],"author":[{"embeddable":true,"href":"https:\/\/www.workplaceoptions.com\/pt\/wp-json\/wp\/v2\/users\/1"}],"replies":[{"embeddable":true,"href":"https:\/\/www.workplaceoptions.com\/pt\/wp-json\/wp\/v2\/comments?post=13257"}],"version-history":[{"count":1,"href":"https:\/\/www.workplaceoptions.com\/pt\/wp-json\/wp\/v2\/pages\/13257\/revisions"}],"predecessor-version":[{"id":14561,"href":"https:\/\/www.workplaceoptions.com\/pt\/wp-json\/wp\/v2\/pages\/13257\/revisions\/14561"}],"wp:featuredmedia":[{"embeddable":true,"href":"https:\/\/www.workplaceoptions.com\/pt\/wp-json\/wp\/v2\/media\/14559"}],"wp:attachment":[{"href":"https:\/\/www.workplaceoptions.com\/pt\/wp-json\/wp\/v2\/media?parent=13257"}],"curies":[{"name":"wp","href":"https:\/\/api.w.org\/{rel}","templated":true}]}}